{"id":5547,"date":"2017-03-13T09:46:57","date_gmt":"2017-03-13T09:46:57","guid":{"rendered":"http:\/\/demo.themelogi.com\/navian\/?page_id=5547"},"modified":"2017-03-13T09:46:57","modified_gmt":"2017-03-13T09:46:57","slug":"process-steps","status":"publish","type":"page","link":"https:\/\/domek-gubalowka.pl\/index.php\/elements\/process-steps\/","title":{"rendered":"Process Steps"},"content":{"rendered":"<div class=\"wpb-content-wrapper\"><p>[vc_row tlg_text_align=&#8221;text-center&#8221;][vc_column]<div class=\"headings-title \"><div class=\"mb70 mb-xs-40 text-center\"><h5  class=\"widgettitle\">Standard<\/h5><div class=\"divider-wrap\"><div class=\"tlg-divider \" style=\"\"><\/div><\/div><\/div><\/div><div id=\"step-69f539a24388c\" class=\" steps-content steps-style-1 \"><ol class=\"steps\"><li id=\"step-item-69f539a2438e7\" class=\"steps-item\"><a class=\"inherit\" href= \"#\" target=\"_self\" >\r\n\t\t\t\t\t<div class=\"steps-item-inner\" style=\"\"><div class=\"steps-icon\"><i style=\"color:#fa4e40;\" class=\"ti-thought inline-block\"><\/i><\/div><div class=\"steps-main\">\r\n\t\t\t\t\t\t\t<h5 class=\"step-title\" style=\"\"><span>1. Planning & Research<\/span><\/h5>\r\n\t\t\t\t\t\t\t<div class=\"step-content\" style=\"\">Process the desire<\/div>\r\n\t\t\t\t\t\t<\/div>\r\n\t\t\t\t\t<\/div><\/a><script type=\"text\/javascript\">jQuery(document).ready(function(){jQuery('head').append('<style type=\"text\/css\" id=\"tlg-custom-css-step-item-69f539a2438e7\">.steps-style-1 #step-item-69f539a2438e7:hover .steps-item-inner{background:#fa4e40!important;}.steps-style-2 #step-item-69f539a2438e7:hover .steps-item-inner .steps-icon i{background:#fa4e40!important;}#step-item-69f539a2438e7:hover .steps-item-inner i{color:#ffffff!important;}#step-item-69f539a2438e7:hover .steps-item-inner .step-title, #step-item-69f539a2438e7:hover .steps-item-inner .step-content{color:#ffffff!important;}<\/style>');});<\/script>\r\n\t\t\t\t<\/li><li id=\"step-item-69f539a243941\" class=\"steps-item\"><a class=\"inherit\" href= \"#\" target=\"_self\" >\r\n\t\t\t\t\t<div class=\"steps-item-inner\" style=\"\"><div class=\"steps-icon\"><i style=\"color:#42a80f;\" class=\"ti-vector inline-block\"><\/i><\/div><div class=\"steps-main\">\r\n\t\t\t\t\t\t\t<h5 class=\"step-title\" style=\"\"><span>2. Design & Coding<\/span><\/h5>\r\n\t\t\t\t\t\t\t<div class=\"step-content\" style=\"\">How to evaluation staff<\/div>\r\n\t\t\t\t\t\t<\/div>\r\n\t\t\t\t\t<\/div><\/a><script type=\"text\/javascript\">jQuery(document).ready(function(){jQuery('head').append('<style type=\"text\/css\" id=\"tlg-custom-css-step-item-69f539a243941\">.steps-style-1 #step-item-69f539a243941:hover .steps-item-inner{background:#42a80f!important;}.steps-style-2 #step-item-69f539a243941:hover .steps-item-inner .steps-icon i{background:#42a80f!important;}#step-item-69f539a243941:hover .steps-item-inner i{color:#ffffff!important;}#step-item-69f539a243941:hover .steps-item-inner .step-title, #step-item-69f539a243941:hover .steps-item-inner .step-content{color:#ffffff!important;}<\/style>');});<\/script>\r\n\t\t\t\t<\/li><li id=\"step-item-69f539a243952\" class=\"steps-item\"><a class=\"inherit\" href= \"#\" target=\"_self\" >\r\n\t\t\t\t\t<div class=\"steps-item-inner\" style=\"\"><div class=\"steps-icon\"><i style=\"color:#49c5b6;\" class=\"ti-bag inline-block\"><\/i><\/div><div class=\"steps-main\">\r\n\t\t\t\t\t\t\t<h5 class=\"step-title\" style=\"\"><span>3. Editing Content<\/span><\/h5>\r\n\t\t\t\t\t\t\t<div class=\"step-content\" style=\"\">Process the capabilities<\/div>\r\n\t\t\t\t\t\t<\/div>\r\n\t\t\t\t\t<\/div><\/a><script type=\"text\/javascript\">jQuery(document).ready(function(){jQuery('head').append('<style type=\"text\/css\" id=\"tlg-custom-css-step-item-69f539a243952\">.steps-style-1 #step-item-69f539a243952:hover .steps-item-inner{background:#49c5b6!important;}.steps-style-2 #step-item-69f539a243952:hover .steps-item-inner .steps-icon i{background:#49c5b6!important;}#step-item-69f539a243952:hover .steps-item-inner i{color:#ffffff!important;}#step-item-69f539a243952:hover .steps-item-inner .step-title, #step-item-69f539a243952:hover .steps-item-inner .step-content{color:#ffffff!important;}<\/style>');});<\/script>\r\n\t\t\t\t<\/li><li id=\"step-item-69f539a24395e\" class=\"steps-item\"><a class=\"inherit\" href= \"#\" target=\"_self\" >\r\n\t\t\t\t\t<div class=\"steps-item-inner\" style=\"\"><div class=\"steps-icon\"><i style=\"color:#eb4c49;\" class=\"ti-user inline-block\"><\/i><\/div><div class=\"steps-main\">\r\n\t\t\t\t\t\t\t<h5 class=\"step-title\" style=\"\"><span>4. Launch & Manage<\/span><\/h5>\r\n\t\t\t\t\t\t\t<div class=\"step-content\" style=\"\">Perfomance Objectives<\/div>\r\n\t\t\t\t\t\t<\/div>\r\n\t\t\t\t\t<\/div><\/a><script type=\"text\/javascript\">jQuery(document).ready(function(){jQuery('head').append('<style type=\"text\/css\" id=\"tlg-custom-css-step-item-69f539a24395e\">.steps-style-1 #step-item-69f539a24395e:hover .steps-item-inner{background:#eb4c49!important;}.steps-style-2 #step-item-69f539a24395e:hover .steps-item-inner .steps-icon i{background:#eb4c49!important;}#step-item-69f539a24395e:hover .steps-item-inner i{color:#ffffff!important;}#step-item-69f539a24395e:hover .steps-item-inner .step-title, #step-item-69f539a24395e:hover .steps-item-inner .step-content{color:#ffffff!important;}<\/style>');});<\/script>\r\n\t\t\t\t<\/li><\/ol><\/div>[\/vc_column][\/vc_row][vc_row tlg_background_style=&#8221;bg-secondary&#8221; tlg_text_align=&#8221;text-center&#8221;][vc_column]<div class=\"headings-title \"><div class=\"mb70 mb-xs-40 text-center\"><h5  class=\"widgettitle\">Rounded<\/h5><div class=\"divider-wrap\"><div class=\"tlg-divider \" style=\"\"><\/div><\/div><\/div><\/div><div id=\"step-69f539a243981\" class=\" steps-content steps-style-2 \"><ol class=\"steps\"><li id=\"step-item-69f539a243996\" class=\"steps-item\"><a class=\"inherit\" href= \"#\" target=\"_self\" >\r\n\t\t\t\t\t<div class=\"steps-item-inner\" style=\"\"><div class=\"steps-icon\"><i style=\"\" class=\"ti-user inline-block\"><\/i><\/div><div class=\"steps-main\">\r\n\t\t\t\t\t\t\t<h5 class=\"step-title\" style=\"\"><span>Sign In<\/span><\/h5>\r\n\t\t\t\t\t\t\t<div class=\"step-content\" style=\"\">Process the desire<\/div>\r\n\t\t\t\t\t\t<\/div>\r\n\t\t\t\t\t<\/div><\/a><script type=\"text\/javascript\">jQuery(document).ready(function(){jQuery('head').append('<style type=\"text\/css\" id=\"tlg-custom-css-step-item-69f539a243996\">.steps-style-1 #step-item-69f539a243996:hover .steps-item-inner{background:#01acff!important;}.steps-style-2 #step-item-69f539a243996:hover .steps-item-inner .steps-icon i{background:#01acff!important;}#step-item-69f539a243996:hover .steps-item-inner i{color:#ffffff!important;}#step-item-69f539a243996:hover .steps-item-inner .step-title, #step-item-69f539a243996:hover .steps-item-inner .step-content{color:!important;}<\/style>');});<\/script>\r\n\t\t\t\t<\/li><li id=\"step-item-69f539a2439a6\" class=\"steps-item\"><a class=\"inherit\" href= \"#\" target=\"_self\" >\r\n\t\t\t\t\t<div class=\"steps-item-inner\" style=\"\"><div class=\"steps-icon\"><i style=\"\" class=\"ti-shopping-cart inline-block\"><\/i><\/div><div class=\"steps-main\">\r\n\t\t\t\t\t\t\t<h5 class=\"step-title\" style=\"\"><span>Cart<\/span><\/h5>\r\n\t\t\t\t\t\t\t<div class=\"step-content\" style=\"\">Evaluation staff<\/div>\r\n\t\t\t\t\t\t<\/div>\r\n\t\t\t\t\t<\/div><\/a><script type=\"text\/javascript\">jQuery(document).ready(function(){jQuery('head').append('<style type=\"text\/css\" id=\"tlg-custom-css-step-item-69f539a2439a6\">.steps-style-1 #step-item-69f539a2439a6:hover .steps-item-inner{background:#0ab78f!important;}.steps-style-2 #step-item-69f539a2439a6:hover .steps-item-inner .steps-icon i{background:#0ab78f!important;}#step-item-69f539a2439a6:hover .steps-item-inner i{color:#ffffff!important;}#step-item-69f539a2439a6:hover .steps-item-inner .step-title, #step-item-69f539a2439a6:hover .steps-item-inner .step-content{color:!important;}<\/style>');});<\/script>\r\n\t\t\t\t<\/li><li id=\"step-item-69f539a2439b4\" class=\"steps-item\"><a class=\"inherit\" href= \"#\" target=\"_self\" >\r\n\t\t\t\t\t<div class=\"steps-item-inner\" style=\"\"><div class=\"steps-icon\"><i style=\"\" class=\"ti-truck inline-block\"><\/i><\/div><div class=\"steps-main\">\r\n\t\t\t\t\t\t\t<h5 class=\"step-title\" style=\"\"><span>Shipping<\/span><\/h5>\r\n\t\t\t\t\t\t\t<div class=\"step-content\" style=\"\">Process the capabilities<\/div>\r\n\t\t\t\t\t\t<\/div>\r\n\t\t\t\t\t<\/div><\/a><script type=\"text\/javascript\">jQuery(document).ready(function(){jQuery('head').append('<style type=\"text\/css\" id=\"tlg-custom-css-step-item-69f539a2439b4\">.steps-style-1 #step-item-69f539a2439b4:hover .steps-item-inner{background:#0f37ff!important;}.steps-style-2 #step-item-69f539a2439b4:hover .steps-item-inner .steps-icon i{background:#0f37ff!important;}#step-item-69f539a2439b4:hover .steps-item-inner i{color:#ffffff!important;}#step-item-69f539a2439b4:hover .steps-item-inner .step-title, #step-item-69f539a2439b4:hover .steps-item-inner .step-content{color:!important;}<\/style>');});<\/script>\r\n\t\t\t\t<\/li><li id=\"step-item-69f539a2439c2\" class=\"steps-item\"><a class=\"inherit\" href= \"#\" target=\"_self\" >\r\n\t\t\t\t\t<div class=\"steps-item-inner\" style=\"\"><div class=\"steps-icon\"><i style=\"\" class=\"ti-receipt inline-block\"><\/i><\/div><div class=\"steps-main\">\r\n\t\t\t\t\t\t\t<h5 class=\"step-title\" style=\"\"><span>Payment<\/span><\/h5>\r\n\t\t\t\t\t\t\t<div class=\"step-content\" style=\"\">Perfomance objectives<\/div>\r\n\t\t\t\t\t\t<\/div>\r\n\t\t\t\t\t<\/div><\/a><script type=\"text\/javascript\">jQuery(document).ready(function(){jQuery('head').append('<style type=\"text\/css\" id=\"tlg-custom-css-step-item-69f539a2439c2\">.steps-style-1 #step-item-69f539a2439c2:hover .steps-item-inner{background:#f6653c!important;}.steps-style-2 #step-item-69f539a2439c2:hover .steps-item-inner .steps-icon i{background:#f6653c!important;}#step-item-69f539a2439c2:hover .steps-item-inner i{color:#ffffff!important;}#step-item-69f539a2439c2:hover .steps-item-inner .step-title, #step-item-69f539a2439c2:hover .steps-item-inner .step-content{color:!important;}<\/style>');});<\/script>\r\n\t\t\t\t<\/li><li id=\"step-item-69f539a2439d5\" class=\"steps-item\"><a class=\"inherit\" href= \"#\" target=\"_self\" >\r\n\t\t\t\t\t<div class=\"steps-item-inner\" style=\"\"><div class=\"steps-icon\"><i style=\"\" class=\"ti-check inline-block\"><\/i><\/div><div class=\"steps-main\">\r\n\t\t\t\t\t\t\t<h5 class=\"step-title\" style=\"\"><span>All Done<\/span><\/h5>\r\n\t\t\t\t\t\t\t<div class=\"step-content\" style=\"\">Business performance<\/div>\r\n\t\t\t\t\t\t<\/div>\r\n\t\t\t\t\t<\/div><\/a><script type=\"text\/javascript\">jQuery(document).ready(function(){jQuery('head').append('<style type=\"text\/css\" id=\"tlg-custom-css-step-item-69f539a2439d5\">.steps-style-1 #step-item-69f539a2439d5:hover .steps-item-inner{background:#4caf50!important;}.steps-style-2 #step-item-69f539a2439d5:hover .steps-item-inner .steps-icon i{background:#4caf50!important;}#step-item-69f539a2439d5:hover .steps-item-inner i{color:#ffffff!important;}#step-item-69f539a2439d5:hover .steps-item-inner .step-title, #step-item-69f539a2439d5:hover .steps-item-inner .step-content{color:!important;}<\/style>');});<\/script>\r\n\t\t\t\t<\/li><\/ol><\/div>[\/vc_column][\/vc_row][vc_row tlg_text_align=&#8221;text-center&#8221;][vc_column]<div class=\"headings-title \"><div class=\"mb70 mb-xs-40 text-center\"><h5  class=\"widgettitle\">Colors<\/h5><div class=\"divider-wrap\"><div class=\"tlg-divider \" style=\"\"><\/div><\/div><\/div><\/div><div id=\"step-69f539a2439f9\" class=\" steps-content steps-style-1 steps-large\"><ol class=\"steps\"><li id=\"step-item-69f539a243a10\" class=\"steps-item\"><a class=\"inherit\" href= \"#\" target=\"_self\" >\r\n\t\t\t\t\t<div class=\"steps-item-inner\" style=\"background-color:#fa4e40;\"><div class=\"steps-icon\"><i style=\"color:#ffffff;background-color:#fa4e40;\" class=\"ti-user inline-block\"><\/i><\/div><div class=\"steps-main\">\r\n\t\t\t\t\t\t\t<h5 class=\"step-title\" style=\"color:#ffffff;\"><span>Account Setup<\/span><\/h5>\r\n\t\t\t\t\t\t\t<div class=\"step-content\" style=\"color:#ffffff;\">Process the desire<\/div>\r\n\t\t\t\t\t\t<\/div>\r\n\t\t\t\t\t<\/div><\/a><script type=\"text\/javascript\">jQuery(document).ready(function(){jQuery('head').append('<style type=\"text\/css\" id=\"tlg-custom-css-step-item-69f539a243a10\">.steps-style-1 #step-item-69f539a243a10:hover .steps-item-inner{background:#303030!important;}.steps-style-2 #step-item-69f539a243a10:hover .steps-item-inner .steps-icon i{background:#303030!important;}#step-item-69f539a243a10:hover .steps-item-inner i{color:#ffffff!important;}#step-item-69f539a243a10:hover .steps-item-inner .step-title, #step-item-69f539a243a10:hover .steps-item-inner .step-content{color:#ffffff!important;}<\/style>');});<\/script>\r\n\t\t\t\t<\/li><li id=\"step-item-69f539a243a22\" class=\"steps-item\"><a class=\"inherit\" href= \"#\" target=\"_self\" >\r\n\t\t\t\t\t<div class=\"steps-item-inner\" style=\"background-color:#5766d3;\"><div class=\"steps-icon\"><i style=\"color:#ffffff;background-color:#5766d3;\" class=\"ti-sharethis inline-block\"><\/i><\/div><div class=\"steps-main\">\r\n\t\t\t\t\t\t\t<h5 class=\"step-title\" style=\"color:#ffffff;\"><span>Social Profiles<\/span><\/h5>\r\n\t\t\t\t\t\t\t<div class=\"step-content\" style=\"color:#ffffff;\">Evaluation staff<\/div>\r\n\t\t\t\t\t\t<\/div>\r\n\t\t\t\t\t<\/div><\/a><script type=\"text\/javascript\">jQuery(document).ready(function(){jQuery('head').append('<style type=\"text\/css\" id=\"tlg-custom-css-step-item-69f539a243a22\">.steps-style-1 #step-item-69f539a243a22:hover .steps-item-inner{background:#303030!important;}.steps-style-2 #step-item-69f539a243a22:hover .steps-item-inner .steps-icon i{background:#303030!important;}#step-item-69f539a243a22:hover .steps-item-inner i{color:#ffffff!important;}#step-item-69f539a243a22:hover .steps-item-inner .step-title, #step-item-69f539a243a22:hover .steps-item-inner .step-content{color:#ffffff!important;}<\/style>');});<\/script>\r\n\t\t\t\t<\/li><li id=\"step-item-69f539a243a30\" class=\"steps-item\"><a class=\"inherit\" href= \"#\" target=\"_self\" >\r\n\t\t\t\t\t<div class=\"steps-item-inner\" style=\"background-color:#49c5b6;\"><div class=\"steps-icon\"><i style=\"color:#ffffff;background-color:#49c5b6;\" class=\"ti-notepad inline-block\"><\/i><\/div><div class=\"steps-main\">\r\n\t\t\t\t\t\t\t<h5 class=\"step-title\" style=\"color:#ffffff;\"><span>Personal Details<\/span><\/h5>\r\n\t\t\t\t\t\t\t<div class=\"step-content\" style=\"color:#ffffff;\">Process the capabilities<\/div>\r\n\t\t\t\t\t\t<\/div>\r\n\t\t\t\t\t<\/div><\/a><script type=\"text\/javascript\">jQuery(document).ready(function(){jQuery('head').append('<style type=\"text\/css\" id=\"tlg-custom-css-step-item-69f539a243a30\">.steps-style-1 #step-item-69f539a243a30:hover .steps-item-inner{background:#303030!important;}.steps-style-2 #step-item-69f539a243a30:hover .steps-item-inner .steps-icon i{background:#303030!important;}#step-item-69f539a243a30:hover .steps-item-inner i{color:#ffffff!important;}#step-item-69f539a243a30:hover .steps-item-inner .step-title, #step-item-69f539a243a30:hover .steps-item-inner .step-content{color:#ffffff!important;}<\/style>');});<\/script>\r\n\t\t\t\t<\/li><\/ol><\/div>[\/vc_column][\/vc_row]<\/p>\n<\/div>","protected":false},"excerpt":{"rendered":"<p>[vc_row tlg_text_align=&#8221;text-center&#8221;][vc_column][\/vc_column][\/vc_row][vc_row tlg_background_style=&#8221;bg-secondary&#8221; tlg_text_align=&#8221;text-center&#8221;][vc_column][\/vc_column][\/vc_row][vc_row tlg_text_align=&#8221;text-center&#8221;][vc_column][\/vc_column][\/vc_row]<\/p>\n","protected":false},"author":1,"featured_media":0,"parent":133,"menu_order":0,"comment_status":"closed","ping_status":"closed","template":"","meta":{"footnotes":""},"class_list":["post-5547","page","type-page","status-publish","hentry"],"yoast_head":"<!-- This site is optimized with the Yoast SEO plugin v27.5 - https:\/\/yoast.com\/product\/yoast-seo-wordpress\/ -->\n<title>Process Steps - DOMEK NA GUBA\u0141\u00d3WCE<\/title>\n<meta name=\"robots\" content=\"index, follow, max-snippet:-1, max-image-preview:large, max-video-preview:-1\" \/>\n<link rel=\"canonical\" href=\"https:\/\/domek-gubalowka.pl\/index.php\/elements\/process-steps\/\" \/>\n<meta property=\"og:locale\" content=\"pl_PL\" \/>\n<meta property=\"og:type\" content=\"article\" \/>\n<meta property=\"og:title\" content=\"Process Steps - DOMEK NA GUBA\u0141\u00d3WCE\" \/>\n<meta property=\"og:description\" content=\"[vc_row tlg_text_align=&#8221;text-center&#8221;][vc_column][\/vc_column][\/vc_row][vc_row tlg_background_style=&#8221;bg-secondary&#8221; tlg_text_align=&#8221;text-center&#8221;][vc_column][\/vc_column][\/vc_row][vc_row tlg_text_align=&#8221;text-center&#8221;][vc_column][\/vc_column][\/vc_row]\" \/>\n<meta property=\"og:url\" content=\"https:\/\/domek-gubalowka.pl\/index.php\/elements\/process-steps\/\" \/>\n<meta property=\"og:site_name\" content=\"DOMEK NA GUBA\u0141\u00d3WCE\" \/>\n<meta property=\"article:publisher\" content=\"https:\/\/www.facebook.com\/DomeknaGubalowce\/\" \/>\n<meta name=\"twitter:card\" content=\"summary_large_image\" \/>\n<meta name=\"twitter:label1\" content=\"Szacowany czas czytania\" \/>\n\t<meta name=\"twitter:data1\" content=\"2 minuty\" \/>\n<script type=\"application\/ld+json\" class=\"yoast-schema-graph\">{\"@context\":\"https:\\\/\\\/schema.org\",\"@graph\":[{\"@type\":\"WebPage\",\"@id\":\"https:\\\/\\\/domek-gubalowka.pl\\\/index.php\\\/elements\\\/process-steps\\\/\",\"url\":\"https:\\\/\\\/domek-gubalowka.pl\\\/index.php\\\/elements\\\/process-steps\\\/\",\"name\":\"Process Steps - DOMEK NA GUBA\u0141\u00d3WCE\",\"isPartOf\":{\"@id\":\"https:\\\/\\\/domek-gubalowka.pl\\\/#website\"},\"datePublished\":\"2017-03-13T09:46:57+00:00\",\"breadcrumb\":{\"@id\":\"https:\\\/\\\/domek-gubalowka.pl\\\/index.php\\\/elements\\\/process-steps\\\/#breadcrumb\"},\"inLanguage\":\"pl-PL\",\"potentialAction\":[{\"@type\":\"ReadAction\",\"target\":[\"https:\\\/\\\/domek-gubalowka.pl\\\/index.php\\\/elements\\\/process-steps\\\/\"]}]},{\"@type\":\"BreadcrumbList\",\"@id\":\"https:\\\/\\\/domek-gubalowka.pl\\\/index.php\\\/elements\\\/process-steps\\\/#breadcrumb\",\"itemListElement\":[{\"@type\":\"ListItem\",\"position\":1,\"name\":\"Strona g\u0142\u00f3wna\",\"item\":\"https:\\\/\\\/domek-gubalowka.pl\\\/\"},{\"@type\":\"ListItem\",\"position\":2,\"name\":\"Elements\",\"item\":\"https:\\\/\\\/domek-gubalowka.pl\\\/index.php\\\/elements\\\/\"},{\"@type\":\"ListItem\",\"position\":3,\"name\":\"Process Steps\"}]},{\"@type\":\"WebSite\",\"@id\":\"https:\\\/\\\/domek-gubalowka.pl\\\/#website\",\"url\":\"https:\\\/\\\/domek-gubalowka.pl\\\/\",\"name\":\"DOMEK NA GUBA\u0141\u00d3WCE\",\"description\":\"Domek do wynaj\u0119cia. Najpi\u0119kniejszy widok w Polsce\",\"publisher\":{\"@id\":\"https:\\\/\\\/domek-gubalowka.pl\\\/#organization\"},\"potentialAction\":[{\"@type\":\"SearchAction\",\"target\":{\"@type\":\"EntryPoint\",\"urlTemplate\":\"https:\\\/\\\/domek-gubalowka.pl\\\/?s={search_term_string}\"},\"query-input\":{\"@type\":\"PropertyValueSpecification\",\"valueRequired\":true,\"valueName\":\"search_term_string\"}}],\"inLanguage\":\"pl-PL\"},{\"@type\":\"Organization\",\"@id\":\"https:\\\/\\\/domek-gubalowka.pl\\\/#organization\",\"name\":\"DOMEK NA GUBA\u0141\u00d3WCE\",\"url\":\"https:\\\/\\\/domek-gubalowka.pl\\\/\",\"logo\":{\"@type\":\"ImageObject\",\"inLanguage\":\"pl-PL\",\"@id\":\"https:\\\/\\\/domek-gubalowka.pl\\\/#\\\/schema\\\/logo\\\/image\\\/\",\"url\":\"https:\\\/\\\/domek-gubalowka.pl\\\/wp-content\\\/uploads\\\/2018\\\/06\\\/cropped-logoA.png\",\"contentUrl\":\"https:\\\/\\\/domek-gubalowka.pl\\\/wp-content\\\/uploads\\\/2018\\\/06\\\/cropped-logoA.png\",\"width\":512,\"height\":512,\"caption\":\"DOMEK NA GUBA\u0141\u00d3WCE\"},\"image\":{\"@id\":\"https:\\\/\\\/domek-gubalowka.pl\\\/#\\\/schema\\\/logo\\\/image\\\/\"},\"sameAs\":[\"https:\\\/\\\/www.facebook.com\\\/DomeknaGubalowce\\\/\"]}]}<\/script>\n<!-- \/ Yoast SEO plugin. -->","yoast_head_json":{"title":"Process Steps - DOMEK NA GUBA\u0141\u00d3WCE","robots":{"index":"index","follow":"follow","max-snippet":"max-snippet:-1","max-image-preview":"max-image-preview:large","max-video-preview":"max-video-preview:-1"},"canonical":"https:\/\/domek-gubalowka.pl\/index.php\/elements\/process-steps\/","og_locale":"pl_PL","og_type":"article","og_title":"Process Steps - DOMEK NA GUBA\u0141\u00d3WCE","og_description":"[vc_row tlg_text_align=&#8221;text-center&#8221;][vc_column][\/vc_column][\/vc_row][vc_row tlg_background_style=&#8221;bg-secondary&#8221; tlg_text_align=&#8221;text-center&#8221;][vc_column][\/vc_column][\/vc_row][vc_row tlg_text_align=&#8221;text-center&#8221;][vc_column][\/vc_column][\/vc_row]","og_url":"https:\/\/domek-gubalowka.pl\/index.php\/elements\/process-steps\/","og_site_name":"DOMEK NA GUBA\u0141\u00d3WCE","article_publisher":"https:\/\/www.facebook.com\/DomeknaGubalowce\/","twitter_card":"summary_large_image","twitter_misc":{"Szacowany czas czytania":"2 minuty"},"schema":{"@context":"https:\/\/schema.org","@graph":[{"@type":"WebPage","@id":"https:\/\/domek-gubalowka.pl\/index.php\/elements\/process-steps\/","url":"https:\/\/domek-gubalowka.pl\/index.php\/elements\/process-steps\/","name":"Process Steps - DOMEK NA GUBA\u0141\u00d3WCE","isPartOf":{"@id":"https:\/\/domek-gubalowka.pl\/#website"},"datePublished":"2017-03-13T09:46:57+00:00","breadcrumb":{"@id":"https:\/\/domek-gubalowka.pl\/index.php\/elements\/process-steps\/#breadcrumb"},"inLanguage":"pl-PL","potentialAction":[{"@type":"ReadAction","target":["https:\/\/domek-gubalowka.pl\/index.php\/elements\/process-steps\/"]}]},{"@type":"BreadcrumbList","@id":"https:\/\/domek-gubalowka.pl\/index.php\/elements\/process-steps\/#breadcrumb","itemListElement":[{"@type":"ListItem","position":1,"name":"Strona g\u0142\u00f3wna","item":"https:\/\/domek-gubalowka.pl\/"},{"@type":"ListItem","position":2,"name":"Elements","item":"https:\/\/domek-gubalowka.pl\/index.php\/elements\/"},{"@type":"ListItem","position":3,"name":"Process Steps"}]},{"@type":"WebSite","@id":"https:\/\/domek-gubalowka.pl\/#website","url":"https:\/\/domek-gubalowka.pl\/","name":"DOMEK NA GUBA\u0141\u00d3WCE","description":"Domek do wynaj\u0119cia. Najpi\u0119kniejszy widok w Polsce","publisher":{"@id":"https:\/\/domek-gubalowka.pl\/#organization"},"potentialAction":[{"@type":"SearchAction","target":{"@type":"EntryPoint","urlTemplate":"https:\/\/domek-gubalowka.pl\/?s={search_term_string}"},"query-input":{"@type":"PropertyValueSpecification","valueRequired":true,"valueName":"search_term_string"}}],"inLanguage":"pl-PL"},{"@type":"Organization","@id":"https:\/\/domek-gubalowka.pl\/#organization","name":"DOMEK NA GUBA\u0141\u00d3WCE","url":"https:\/\/domek-gubalowka.pl\/","logo":{"@type":"ImageObject","inLanguage":"pl-PL","@id":"https:\/\/domek-gubalowka.pl\/#\/schema\/logo\/image\/","url":"https:\/\/domek-gubalowka.pl\/wp-content\/uploads\/2018\/06\/cropped-logoA.png","contentUrl":"https:\/\/domek-gubalowka.pl\/wp-content\/uploads\/2018\/06\/cropped-logoA.png","width":512,"height":512,"caption":"DOMEK NA GUBA\u0141\u00d3WCE"},"image":{"@id":"https:\/\/domek-gubalowka.pl\/#\/schema\/logo\/image\/"},"sameAs":["https:\/\/www.facebook.com\/DomeknaGubalowce\/"]}]}},"_links":{"self":[{"href":"https:\/\/domek-gubalowka.pl\/index.php\/wp-json\/wp\/v2\/pages\/5547","targetHints":{"allow":["GET"]}}],"collection":[{"href":"https:\/\/domek-gubalowka.pl\/index.php\/wp-json\/wp\/v2\/pages"}],"about":[{"href":"https:\/\/domek-gubalowka.pl\/index.php\/wp-json\/wp\/v2\/types\/page"}],"author":[{"embeddable":true,"href":"https:\/\/domek-gubalowka.pl\/index.php\/wp-json\/wp\/v2\/users\/1"}],"replies":[{"embeddable":true,"href":"https:\/\/domek-gubalowka.pl\/index.php\/wp-json\/wp\/v2\/comments?post=5547"}],"version-history":[{"count":0,"href":"https:\/\/domek-gubalowka.pl\/index.php\/wp-json\/wp\/v2\/pages\/5547\/revisions"}],"up":[{"embeddable":true,"href":"https:\/\/domek-gubalowka.pl\/index.php\/wp-json\/wp\/v2\/pages\/133"}],"wp:attachment":[{"href":"https:\/\/domek-gubalowka.pl\/index.php\/wp-json\/wp\/v2\/media?parent=5547"}],"curies":[{"name":"wp","href":"https:\/\/api.w.org\/{rel}","templated":true}]}}