{"id":473,"date":"2015-12-20T15:39:55","date_gmt":"2015-12-20T15:39:55","guid":{"rendered":"http:\/\/demo.themelogi.com\/navian\/?page_id=473"},"modified":"2015-12-20T15:39:55","modified_gmt":"2015-12-20T15:39:55","slug":"button-popup","status":"publish","type":"page","link":"https:\/\/domek-gubalowka.pl\/index.php\/elements\/button-popup\/","title":{"rendered":"Button Popup"},"content":{"rendered":"<div class=\"wpb-content-wrapper\"><p>[vc_row tlg_text_align=&#8221;text-center&#8221;][vc_column width=&#8221;1\/3&#8243;]<div id=\"iconbox-69f22b8dd6fcc\" class=\"   \"><div class=\"icon-link\"><div class=\"relative mb0\"><div class=\"icon-image\"><img decoding=\"async\" src=\"https:\/\/domek-gubalowka.pl\/wp-content\/plugins\/tlg_framework\/assets\/img\/placeholder_square.png\" alt=\"icon-image\" \/><div class=\"image-overlay\"><div class=\"image-overlay-inner\">\n    \t\t\t\t\t\t<i  class=\"ti-comment-alt\"><\/i><h2  class=\"widgettitle\">Contact modal form<\/h2><\/div><\/div><\/div><h5  class=\"widgettitle \">Contact modal form<\/h5><div  class=\"icon-content\"><p>Create your modal popup with the Modal Button element in Visual Composer<\/p>\n<\/div><\/div><\/div><\/div><script type=\"text\/javascript\">jQuery(document).ready(function(){jQuery('head').append('<style type=\"text\/css\" id=\"tlg-custom-css-iconbox-69f22b8dd6fcc\">#iconbox-69f22b8dd6fcc .boxed-icon:hover{background-color:#445dfd!important;}#iconbox-69f22b8dd6fcc .boxed-animate:before{background-color:#445dfd!important;}#iconbox-69f22b8dd6fcc .boxed.boxed-intro.boxed-scroll .title{background-color:#445dfd!important;}#iconbox-69f22b8dd6fcc .boxed.boxed-intro.boxed-scroll .icon-image .image-overlay-inner .widgettitle:before{background-color:#445dfd!important;}#iconbox-69f22b8dd6fcc .animate-center .image-overlay-inner .widgettitle:before{background-color:#445dfd!important;}<\/style>');});<\/script><div class=\"tlg-spacer  \" data-height=\"20\" data-height-tablet=\"20\" data-height-mobile=\"20\" style=\"clear:both;display:block;height:20px;\"><\/div><a  id=\"btn-69f22b8dd72e8\" class=\"md-trigger btn btn-primary-line btn-rounded btn-sm  \" data-modal=\"modal-69f22b8dd72e9\" href=\"#\">Modal contact<i class=\"ti-angle-right\"><\/i><\/a><div class=\"modal-button\"><div id=\"modal-69f22b8dd72e9\" class=\" md-modal md-modal-1 text-center\"><div class=\"md-content\"><div class=\"md-content-inner\"><div class=\"headings-title \"><div class=\"mb40 mb-xs-40 text-center\"><h5  class=\"widgettitle\">Get in touch<\/h5><div  class=\"widgetsubtitle\">You can put anything to this modal<\/div><\/div><\/div>\n<div class=\"wpcf7 no-js\" id=\"wpcf7-f681-o1\" lang=\"en-US\" dir=\"ltr\" data-wpcf7-id=\"681\">\n<div class=\"screen-reader-response\"><p role=\"status\" aria-live=\"polite\" aria-atomic=\"true\"><\/p> <ul><\/ul><\/div>\n<form action=\"\/index.php\/wp-json\/wp\/v2\/pages\/473#wpcf7-f681-o1\" method=\"post\" class=\"wpcf7-form init\" aria-label=\"Contact form\" novalidate=\"novalidate\" data-status=\"init\">\n<fieldset class=\"hidden-fields-container\"><input type=\"hidden\" name=\"_wpcf7\" value=\"681\" \/><input type=\"hidden\" name=\"_wpcf7_version\" value=\"6.1.5\" \/><input type=\"hidden\" name=\"_wpcf7_locale\" value=\"en_US\" \/><input type=\"hidden\" name=\"_wpcf7_unit_tag\" value=\"wpcf7-f681-o1\" \/><input type=\"hidden\" name=\"_wpcf7_container_post\" value=\"0\" \/><input type=\"hidden\" name=\"_wpcf7_posted_data_hash\" value=\"\" \/><input type=\"hidden\" name=\"_wpcf7_recaptcha_response\" value=\"\" \/>\n<\/fieldset>\n<div class=\"uacf7-form-wrapper-container uacf7-form-681  \"><div class=\"flat-input\">\n<div class=\"overflow-hidden\">\n<div class=\"half-column half-column-left\">\n    <span class=\"wpcf7-form-control-wrap\" data-name=\"your-name\"><input size=\"40\" maxlength=\"400\" class=\"wpcf7-form-control wpcf7-text wpcf7-validates-as-required\" aria-required=\"true\" aria-invalid=\"false\" placeholder=\"Name\" value=\"\" type=\"text\" name=\"your-name\" \/><\/span>\n<\/div>\n<div class=\"half-column half-column-right\">\n    <span class=\"wpcf7-form-control-wrap\" data-name=\"your-email\"><input size=\"40\" maxlength=\"400\" class=\"wpcf7-form-control wpcf7-email wpcf7-validates-as-required wpcf7-text wpcf7-validates-as-email\" aria-required=\"true\" aria-invalid=\"false\" placeholder=\"Email address\" value=\"\" type=\"email\" name=\"your-email\" \/><\/span>\n<\/div>  \n<\/div>\n<div class=\"overflow-hidden\">\n<div class=\"half-column half-column-left\">\n    <span class=\"wpcf7-form-control-wrap\" data-name=\"your-subject\"><input size=\"40\" maxlength=\"400\" class=\"wpcf7-form-control wpcf7-text wpcf7-validates-as-required\" aria-required=\"true\" aria-invalid=\"false\" placeholder=\"Subject\" value=\"\" type=\"text\" name=\"your-subject\" \/><\/span>\n<\/div>\n<div class=\"half-column half-column-right\">\n    <span class=\"wpcf7-form-control-wrap\" data-name=\"your-phone\"><input size=\"40\" maxlength=\"400\" class=\"wpcf7-form-control wpcf7-text\" aria-invalid=\"false\" placeholder=\"Phone Number\" value=\"\" type=\"text\" name=\"your-phone\" \/><\/span>\n<\/div>  \n<\/div>\n<span class=\"wpcf7-form-control-wrap\" data-name=\"your-message\"><textarea cols=\"40\" rows=\"10\" maxlength=\"2000\" class=\"wpcf7-form-control wpcf7-textarea\" aria-invalid=\"false\" placeholder=\"Message\" name=\"your-message\"><\/textarea><\/span>\n<p><button type=\"submit\" class=\"wpcf7-submit wpcf7-submit-custom btn btn-filled btn-new ti-arrow-right\">SEND MESSAGE<\/button><\/p>\n<\/div><\/div><p style=\"display: none !important;\" class=\"akismet-fields-container\" data-prefix=\"_wpcf7_ak_\"><label>&#916;<textarea name=\"_wpcf7_ak_hp_textarea\" cols=\"45\" rows=\"8\" maxlength=\"100\"><\/textarea><\/label><input type=\"hidden\" id=\"ak_js_1\" name=\"_wpcf7_ak_js\" value=\"35\"\/><script type=\"text\/javascript\">\n\/* <![CDATA[ *\/\ndocument.getElementById( \"ak_js_1\" ).setAttribute( \"value\", ( new Date() ).getTime() );\n\/* ]]> *\/\n<\/script>\n<\/p><div class=\"wpcf7-response-output\" aria-hidden=\"true\"><\/div>\n<\/form>\n<\/div>\n<\/div><\/div><div class=\"text-center\"><a class=\"md-close inline-block mt24\" href=\"#\"><i class=\"ti-close\"><\/i><\/a><\/div><\/div><div class=\"md-overlay\"><\/div><\/div>[\/vc_column][vc_column width=&#8221;1\/3&#8243;]<div id=\"iconbox-69f22b8dd7f03\" class=\"   \"><div class=\"icon-link\"><div class=\"relative mb0\"><div class=\"icon-image\"><img decoding=\"async\" src=\"https:\/\/domek-gubalowka.pl\/wp-content\/plugins\/tlg_framework\/assets\/img\/placeholder_square.png\" alt=\"icon-image\" \/><div class=\"image-overlay\"><div class=\"image-overlay-inner\">\n    \t\t\t\t\t\t<i  class=\"ti-email\"><\/i><h2  class=\"widgettitle\">Subscribe modal form<\/h2><\/div><\/div><\/div><h5  class=\"widgettitle \">Subscribe modal form<\/h5><div  class=\"icon-content\"><p>Create your modal popup with the Modal Button element in Visual Composer<\/p>\n<\/div><\/div><\/div><\/div><script type=\"text\/javascript\">jQuery(document).ready(function(){jQuery('head').append('<style type=\"text\/css\" id=\"tlg-custom-css-iconbox-69f22b8dd7f03\">#iconbox-69f22b8dd7f03 .boxed-icon:hover{background-color:#445dfd!important;}#iconbox-69f22b8dd7f03 .boxed-animate:before{background-color:#445dfd!important;}#iconbox-69f22b8dd7f03 .boxed.boxed-intro.boxed-scroll .title{background-color:#445dfd!important;}#iconbox-69f22b8dd7f03 .boxed.boxed-intro.boxed-scroll .icon-image .image-overlay-inner .widgettitle:before{background-color:#445dfd!important;}#iconbox-69f22b8dd7f03 .animate-center .image-overlay-inner .widgettitle:before{background-color:#445dfd!important;}<\/style>');});<\/script><div class=\"tlg-spacer  \" data-height=\"20\" data-height-tablet=\"20\" data-height-mobile=\"20\" style=\"clear:both;display:block;height:20px;\"><\/div><a  id=\"btn-69f22b8dd8224\" class=\"md-trigger btn btn-primary-line btn-rounded btn-sm  \" data-modal=\"modal-69f22b8dd8225\" href=\"#\">Modal subscription<i class=\"ti-angle-right\"><\/i><\/a><div class=\"modal-button\"><div id=\"modal-69f22b8dd8225\" class=\"image-bg md-modal md-modal-1 text-center\"><div class=\"md-content\"><div class=\"md-content-inner\"><div class=\"headings-title \"><div class=\"mb40 mb-xs-40 text-center\"><h5  class=\"widgettitle\">Get in touch<\/h5><div class=\"divider-wrap\"><i  class=\"ti-info\"><\/i><div class=\"tlg-divider tlg-divider-large\" style=\"\"><\/div><\/div><div  class=\"widgetsubtitle\">You can put anything to this modal<\/div><\/div><\/div>\n<div class=\"wpcf7 no-js\" id=\"wpcf7-f3409-o2\" lang=\"en-US\" dir=\"ltr\" data-wpcf7-id=\"3409\">\n<div class=\"screen-reader-response\"><p role=\"status\" aria-live=\"polite\" aria-atomic=\"true\"><\/p> <ul><\/ul><\/div>\n<form action=\"\/index.php\/wp-json\/wp\/v2\/pages\/473#wpcf7-f3409-o2\" method=\"post\" class=\"wpcf7-form init\" aria-label=\"Contact form\" novalidate=\"novalidate\" data-status=\"init\">\n<fieldset class=\"hidden-fields-container\"><input type=\"hidden\" name=\"_wpcf7\" value=\"3409\" \/><input type=\"hidden\" name=\"_wpcf7_version\" value=\"6.1.5\" \/><input type=\"hidden\" name=\"_wpcf7_locale\" value=\"en_US\" \/><input type=\"hidden\" name=\"_wpcf7_unit_tag\" value=\"wpcf7-f3409-o2\" \/><input type=\"hidden\" name=\"_wpcf7_container_post\" value=\"0\" \/><input type=\"hidden\" name=\"_wpcf7_posted_data_hash\" value=\"\" \/><input type=\"hidden\" name=\"_wpcf7_recaptcha_response\" value=\"\" \/>\n<\/fieldset>\n<div class=\"uacf7-form-wrapper-container uacf7-form-3409  \"><div class=\"form-container\">\n<p><span class=\"wpcf7-form-control-wrap\" data-name=\"your-name\"><input size=\"40\" maxlength=\"400\" class=\"wpcf7-form-control wpcf7-text wpcf7-validates-as-required ml-0\" aria-required=\"true\" aria-invalid=\"false\" placeholder=\"Your Name\" value=\"\" type=\"text\" name=\"your-name\" \/><\/span><span class=\"wpcf7-form-control-wrap\" data-name=\"your-email\"><input size=\"40\" maxlength=\"400\" class=\"wpcf7-form-control wpcf7-email wpcf7-validates-as-required wpcf7-text wpcf7-validates-as-email\" aria-required=\"true\" aria-invalid=\"false\" placeholder=\"Email Address\" value=\"\" type=\"email\" name=\"your-email\" \/><\/span><input class=\"wpcf7-form-control wpcf7-submit has-spinner mr-0\" type=\"submit\" value=\"Free instant Access\" \/><\/p>\n<p class=\"sub\">* Sign up now for FREE 5 days course<\/p>\n<\/div><\/div><p style=\"display: none !important;\" class=\"akismet-fields-container\" data-prefix=\"_wpcf7_ak_\"><label>&#916;<textarea name=\"_wpcf7_ak_hp_textarea\" cols=\"45\" rows=\"8\" maxlength=\"100\"><\/textarea><\/label><input type=\"hidden\" id=\"ak_js_2\" name=\"_wpcf7_ak_js\" value=\"10\"\/><script type=\"text\/javascript\">\n\/* <![CDATA[ *\/\ndocument.getElementById( \"ak_js_2\" ).setAttribute( \"value\", ( new Date() ).getTime() );\n\/* ]]> *\/\n<\/script>\n<\/p><div class=\"wpcf7-response-output\" aria-hidden=\"true\"><\/div>\n<\/form>\n<\/div>\n<\/div><div class=\"background-content\"><div class=\"background-overlay\" style=\"opacity:0.2;\"><\/div><\/div><\/div><div class=\"text-center\"><a class=\"md-close inline-block mt24\" href=\"#\"><i class=\"ti-close\"><\/i><\/a><\/div><\/div><div class=\"md-overlay\"><\/div><\/div>[\/vc_column][vc_column width=&#8221;1\/3&#8243;]<div id=\"iconbox-69f22b8dd8cde\" class=\"   \"><div class=\"icon-link\"><div class=\"relative mb0\"><div class=\"icon-image\"><img decoding=\"async\" src=\"https:\/\/domek-gubalowka.pl\/wp-content\/plugins\/tlg_framework\/assets\/img\/placeholder_square.png\" alt=\"icon-image\" \/><div class=\"image-overlay\"><div class=\"image-overlay-inner\">\n    \t\t\t\t\t\t<i  class=\"ti-control-play\"><\/i><h2  class=\"widgettitle\">Video content modal<\/h2><\/div><\/div><\/div><h5  class=\"widgettitle \">Video content modal<\/h5><div  class=\"icon-content\"><p>Create your modal popup with the Modal Button element in Visual Composer<\/p>\n<\/div><\/div><\/div><\/div><script type=\"text\/javascript\">jQuery(document).ready(function(){jQuery('head').append('<style type=\"text\/css\" id=\"tlg-custom-css-iconbox-69f22b8dd8cde\">#iconbox-69f22b8dd8cde .boxed-icon:hover{background-color:#445dfd!important;}#iconbox-69f22b8dd8cde .boxed-animate:before{background-color:#445dfd!important;}#iconbox-69f22b8dd8cde .boxed.boxed-intro.boxed-scroll .title{background-color:#445dfd!important;}#iconbox-69f22b8dd8cde .boxed.boxed-intro.boxed-scroll .icon-image .image-overlay-inner .widgettitle:before{background-color:#445dfd!important;}#iconbox-69f22b8dd8cde .animate-center .image-overlay-inner .widgettitle:before{background-color:#445dfd!important;}<\/style>');});<\/script><div class=\"tlg-spacer  \" data-height=\"20\" data-height-tablet=\"20\" data-height-mobile=\"20\" style=\"clear:both;display:block;height:20px;\"><\/div><a  id=\"btn-69f22b8dd8fc8\" class=\"md-trigger btn btn-primary-line btn-rounded btn-sm  \" data-modal=\"modal-69f22b8dd8fc9\" href=\"#\">Modal video<i class=\"ti-angle-right\"><\/i><\/a><div class=\"modal-button\"><div id=\"modal-69f22b8dd8fc9\" class=\" md-modal md-modal-7 text-center\"><div class=\"md-content\"><div class=\"md-content-inner\">[vc_column_text]<\/p>\n<p><iframe loading=\"lazy\" title=\"Don&#039;t Blink: 12 Terrific Fast Typography Templates That&#039;ll Take Your Video to the Next Level\" width=\"1170\" height=\"658\" src=\"https:\/\/www.youtube.com\/embed\/qZEPs3vmYB4?feature=oembed\" frameborder=\"0\" allow=\"accelerometer; autoplay; encrypted-media; gyroscope; picture-in-picture\" allowfullscreen><\/iframe><\/p>\n<p>[\/vc_column_text]<\/div><\/div><div class=\"text-center\"><a class=\"md-close inline-block mt24\" href=\"#\"><i class=\"ti-close\"><\/i><\/a><\/div><\/div><div class=\"md-overlay\"><\/div><\/div>[\/vc_column][\/vc_row][vc_row tlg_background_style=&#8221;bg-dark&#8221; tlg_padding=&#8221;pt180 pb180 pt-xs-80 pb-xs-80&#8243; tlg_enable_overlay=&#8221;yes&#8221; tlg_text_align=&#8221;text-center&#8221; css=&#8221;.vc_custom_1562064673705{background-image: url(http:\/\/demo.themelogi.com\/navian\/wp-content\/uploads_dummy\/2019\/06\/collaboratings.jpg?id=8304) !important;}&#8221; tlg_bg_overlay=&#8221;#fa4e40&#8243; tlg_bg_overlay_value=&#8221;8&#8243; tlg_bg_gradient_color=&#8221;#49c5b6&#8243;][vc_column width=&#8221;1\/6&#8243;][\/vc_column][vc_column width=&#8221;2\/3&#8243;]<div class=\"headings-title \"><div class=\"mb40 mb-xs-40 text-center\"><h5  class=\"widgettitle\">Modal Video Button<\/h5><div class=\"divider-wrap\"><div class=\"tlg-divider \" style=\"\"><\/div><\/div><\/div><\/div>[vc_column_text]We have the skills and resources to create professional films. Whether you want a corporate promotional film or a record of a conference we can provide the services you require.[\/vc_column_text]<a  id=\"btn-69f22b8dd8feb\" class=\"md-trigger play btn-sm  \" data-modal=\"modal-69f22b8dd8fec\" href=\"#\"><div class=\"play-button large inline\"><\/div><\/a><div class=\"modal-button\"><div id=\"modal-69f22b8dd8fec\" class=\" md-modal md-modal-7 text-center\"><div class=\"md-content\"><div class=\"md-content-inner\">[vc_column_text]<\/p>\n<p><iframe loading=\"lazy\" title=\"Don&#039;t Blink: 12 Terrific Fast Typography Templates That&#039;ll Take Your Video to the Next Level\" width=\"1170\" height=\"658\" src=\"https:\/\/www.youtube.com\/embed\/qZEPs3vmYB4?feature=oembed\" frameborder=\"0\" allow=\"accelerometer; autoplay; encrypted-media; gyroscope; picture-in-picture\" allowfullscreen><\/iframe><\/p>\n<p>[\/vc_column_text]<\/div><\/div><div class=\"text-center\"><a class=\"md-close inline-block mt24\" href=\"#\"><i class=\"ti-close\"><\/i><\/a><\/div><\/div><div class=\"md-overlay\"><\/div><\/div>[\/vc_column][vc_column width=&#8221;1\/6&#8243;][\/vc_column][\/vc_row]<\/p>\n<\/div>","protected":false},"excerpt":{"rendered":"<p>[vc_row tlg_text_align=&#8221;text-center&#8221;][vc_column width=&#8221;1\/3&#8243;][\/vc_column][vc_column width=&#8221;1\/3&#8243;][\/vc_column][vc_column width=&#8221;1\/3&#8243;][\/vc_column][\/vc_row][vc_row tlg_background_style=&#8221;bg-dark&#8221; tlg_padding=&#8221;pt180 pb180 pt-xs-80 pb-xs-80&#8243; tlg_enable_overlay=&#8221;yes&#8221; tlg_text_align=&#8221;text-center&#8221; css=&#8221;.vc_custom_1562064673705{background-image: url(http:\/\/demo.themelogi.com\/navian\/wp-content\/uploads_dummy\/2019\/06\/collaboratings.jpg?id=8304) !important;}&#8221; tlg_bg_overlay=&#8221;#fa4e40&#8243; tlg_bg_overlay_value=&#8221;8&#8243; tlg_bg_gradient_color=&#8221;#49c5b6&#8243;][vc_column width=&#8221;1\/6&#8243;][\/vc_column][vc_column width=&#8221;2\/3&#8243;][vc_column_text]We have the skills and resources to create professional films. Whether you want a corporate promotional film or a record of a conference we can provide the services you require.[\/vc_column_text][\/vc_column][vc_column width=&#8221;1\/6&#8243;][\/vc_column][\/vc_row]<\/p>\n","protected":false},"author":1,"featured_media":0,"parent":133,"menu_order":0,"comment_status":"closed","ping_status":"closed","template":"","meta":{"footnotes":""},"class_list":["post-473","page","type-page","status-publish","hentry"],"yoast_head":"<!-- This site is optimized with the Yoast SEO plugin v27.5 - https:\/\/yoast.com\/product\/yoast-seo-wordpress\/ -->\n<title>Button Popup - DOMEK NA GUBA\u0141\u00d3WCE<\/title>\n<meta name=\"robots\" content=\"index, follow, max-snippet:-1, max-image-preview:large, max-video-preview:-1\" \/>\n<link rel=\"canonical\" href=\"https:\/\/domek-gubalowka.pl\/index.php\/elements\/button-popup\/\" \/>\n<meta property=\"og:locale\" content=\"pl_PL\" \/>\n<meta property=\"og:type\" content=\"article\" \/>\n<meta property=\"og:title\" content=\"Button Popup - DOMEK NA GUBA\u0141\u00d3WCE\" \/>\n<meta property=\"og:description\" content=\"[vc_row tlg_text_align=&#8221;text-center&#8221;][vc_column width=&#8221;1\/3&#8243;][\/vc_column][vc_column width=&#8221;1\/3&#8243;][\/vc_column][vc_column width=&#8221;1\/3&#8243;][\/vc_column][\/vc_row][vc_row tlg_background_style=&#8221;bg-dark&#8221; tlg_padding=&#8221;pt180 pb180 pt-xs-80 pb-xs-80&#8243; tlg_enable_overlay=&#8221;yes&#8221; tlg_text_align=&#8221;text-center&#8221; css=&#8221;.vc_custom_1562064673705{background-image: url(http:\/\/demo.themelogi.com\/navian\/wp-content\/uploads_dummy\/2019\/06\/collaboratings.jpg?id=8304) !important;}&#8221; tlg_bg_overlay=&#8221;#fa4e40&#8243; tlg_bg_overlay_value=&#8221;8&#8243; tlg_bg_gradient_color=&#8221;#49c5b6&#8243;][vc_column width=&#8221;1\/6&#8243;][\/vc_column][vc_column width=&#8221;2\/3&#8243;][vc_column_text]We have the skills and resources to create professional films. Whether you want a corporate promotional film or a record of a conference we can provide the services you require.[\/vc_column_text][\/vc_column][vc_column width=&#8221;1\/6&#8243;][\/vc_column][\/vc_row]\" \/>\n<meta property=\"og:url\" content=\"https:\/\/domek-gubalowka.pl\/index.php\/elements\/button-popup\/\" \/>\n<meta property=\"og:site_name\" content=\"DOMEK NA GUBA\u0141\u00d3WCE\" \/>\n<meta property=\"article:publisher\" content=\"https:\/\/www.facebook.com\/DomeknaGubalowce\/\" \/>\n<meta name=\"twitter:card\" content=\"summary_large_image\" \/>\n<meta name=\"twitter:label1\" content=\"Szacowany czas czytania\" \/>\n\t<meta name=\"twitter:data1\" content=\"2 minuty\" \/>\n<script type=\"application\/ld+json\" class=\"yoast-schema-graph\">{\"@context\":\"https:\\\/\\\/schema.org\",\"@graph\":[{\"@type\":\"WebPage\",\"@id\":\"https:\\\/\\\/domek-gubalowka.pl\\\/index.php\\\/elements\\\/button-popup\\\/\",\"url\":\"https:\\\/\\\/domek-gubalowka.pl\\\/index.php\\\/elements\\\/button-popup\\\/\",\"name\":\"Button Popup - DOMEK NA GUBA\u0141\u00d3WCE\",\"isPartOf\":{\"@id\":\"https:\\\/\\\/domek-gubalowka.pl\\\/#website\"},\"datePublished\":\"2015-12-20T15:39:55+00:00\",\"breadcrumb\":{\"@id\":\"https:\\\/\\\/domek-gubalowka.pl\\\/index.php\\\/elements\\\/button-popup\\\/#breadcrumb\"},\"inLanguage\":\"pl-PL\",\"potentialAction\":[{\"@type\":\"ReadAction\",\"target\":[\"https:\\\/\\\/domek-gubalowka.pl\\\/index.php\\\/elements\\\/button-popup\\\/\"]}]},{\"@type\":\"BreadcrumbList\",\"@id\":\"https:\\\/\\\/domek-gubalowka.pl\\\/index.php\\\/elements\\\/button-popup\\\/#breadcrumb\",\"itemListElement\":[{\"@type\":\"ListItem\",\"position\":1,\"name\":\"Strona g\u0142\u00f3wna\",\"item\":\"https:\\\/\\\/domek-gubalowka.pl\\\/\"},{\"@type\":\"ListItem\",\"position\":2,\"name\":\"Elements\",\"item\":\"https:\\\/\\\/domek-gubalowka.pl\\\/index.php\\\/elements\\\/\"},{\"@type\":\"ListItem\",\"position\":3,\"name\":\"Button Popup\"}]},{\"@type\":\"WebSite\",\"@id\":\"https:\\\/\\\/domek-gubalowka.pl\\\/#website\",\"url\":\"https:\\\/\\\/domek-gubalowka.pl\\\/\",\"name\":\"DOMEK NA GUBA\u0141\u00d3WCE\",\"description\":\"Domek do wynaj\u0119cia. Najpi\u0119kniejszy widok w Polsce\",\"publisher\":{\"@id\":\"https:\\\/\\\/domek-gubalowka.pl\\\/#organization\"},\"potentialAction\":[{\"@type\":\"SearchAction\",\"target\":{\"@type\":\"EntryPoint\",\"urlTemplate\":\"https:\\\/\\\/domek-gubalowka.pl\\\/?s={search_term_string}\"},\"query-input\":{\"@type\":\"PropertyValueSpecification\",\"valueRequired\":true,\"valueName\":\"search_term_string\"}}],\"inLanguage\":\"pl-PL\"},{\"@type\":\"Organization\",\"@id\":\"https:\\\/\\\/domek-gubalowka.pl\\\/#organization\",\"name\":\"DOMEK NA GUBA\u0141\u00d3WCE\",\"url\":\"https:\\\/\\\/domek-gubalowka.pl\\\/\",\"logo\":{\"@type\":\"ImageObject\",\"inLanguage\":\"pl-PL\",\"@id\":\"https:\\\/\\\/domek-gubalowka.pl\\\/#\\\/schema\\\/logo\\\/image\\\/\",\"url\":\"https:\\\/\\\/domek-gubalowka.pl\\\/wp-content\\\/uploads\\\/2018\\\/06\\\/cropped-logoA.png\",\"contentUrl\":\"https:\\\/\\\/domek-gubalowka.pl\\\/wp-content\\\/uploads\\\/2018\\\/06\\\/cropped-logoA.png\",\"width\":512,\"height\":512,\"caption\":\"DOMEK NA GUBA\u0141\u00d3WCE\"},\"image\":{\"@id\":\"https:\\\/\\\/domek-gubalowka.pl\\\/#\\\/schema\\\/logo\\\/image\\\/\"},\"sameAs\":[\"https:\\\/\\\/www.facebook.com\\\/DomeknaGubalowce\\\/\"]}]}<\/script>\n<!-- \/ Yoast SEO plugin. -->","yoast_head_json":{"title":"Button Popup - DOMEK NA GUBA\u0141\u00d3WCE","robots":{"index":"index","follow":"follow","max-snippet":"max-snippet:-1","max-image-preview":"max-image-preview:large","max-video-preview":"max-video-preview:-1"},"canonical":"https:\/\/domek-gubalowka.pl\/index.php\/elements\/button-popup\/","og_locale":"pl_PL","og_type":"article","og_title":"Button Popup - DOMEK NA GUBA\u0141\u00d3WCE","og_description":"[vc_row tlg_text_align=&#8221;text-center&#8221;][vc_column width=&#8221;1\/3&#8243;][\/vc_column][vc_column width=&#8221;1\/3&#8243;][\/vc_column][vc_column width=&#8221;1\/3&#8243;][\/vc_column][\/vc_row][vc_row tlg_background_style=&#8221;bg-dark&#8221; tlg_padding=&#8221;pt180 pb180 pt-xs-80 pb-xs-80&#8243; tlg_enable_overlay=&#8221;yes&#8221; tlg_text_align=&#8221;text-center&#8221; css=&#8221;.vc_custom_1562064673705{background-image: url(http:\/\/demo.themelogi.com\/navian\/wp-content\/uploads_dummy\/2019\/06\/collaboratings.jpg?id=8304) !important;}&#8221; tlg_bg_overlay=&#8221;#fa4e40&#8243; tlg_bg_overlay_value=&#8221;8&#8243; tlg_bg_gradient_color=&#8221;#49c5b6&#8243;][vc_column width=&#8221;1\/6&#8243;][\/vc_column][vc_column width=&#8221;2\/3&#8243;][vc_column_text]We have the skills and resources to create professional films. Whether you want a corporate promotional film or a record of a conference we can provide the services you require.[\/vc_column_text][\/vc_column][vc_column width=&#8221;1\/6&#8243;][\/vc_column][\/vc_row]","og_url":"https:\/\/domek-gubalowka.pl\/index.php\/elements\/button-popup\/","og_site_name":"DOMEK NA GUBA\u0141\u00d3WCE","article_publisher":"https:\/\/www.facebook.com\/DomeknaGubalowce\/","twitter_card":"summary_large_image","twitter_misc":{"Szacowany czas czytania":"2 minuty"},"schema":{"@context":"https:\/\/schema.org","@graph":[{"@type":"WebPage","@id":"https:\/\/domek-gubalowka.pl\/index.php\/elements\/button-popup\/","url":"https:\/\/domek-gubalowka.pl\/index.php\/elements\/button-popup\/","name":"Button Popup - DOMEK NA GUBA\u0141\u00d3WCE","isPartOf":{"@id":"https:\/\/domek-gubalowka.pl\/#website"},"datePublished":"2015-12-20T15:39:55+00:00","breadcrumb":{"@id":"https:\/\/domek-gubalowka.pl\/index.php\/elements\/button-popup\/#breadcrumb"},"inLanguage":"pl-PL","potentialAction":[{"@type":"ReadAction","target":["https:\/\/domek-gubalowka.pl\/index.php\/elements\/button-popup\/"]}]},{"@type":"BreadcrumbList","@id":"https:\/\/domek-gubalowka.pl\/index.php\/elements\/button-popup\/#breadcrumb","itemListElement":[{"@type":"ListItem","position":1,"name":"Strona g\u0142\u00f3wna","item":"https:\/\/domek-gubalowka.pl\/"},{"@type":"ListItem","position":2,"name":"Elements","item":"https:\/\/domek-gubalowka.pl\/index.php\/elements\/"},{"@type":"ListItem","position":3,"name":"Button Popup"}]},{"@type":"WebSite","@id":"https:\/\/domek-gubalowka.pl\/#website","url":"https:\/\/domek-gubalowka.pl\/","name":"DOMEK NA GUBA\u0141\u00d3WCE","description":"Domek do wynaj\u0119cia. Najpi\u0119kniejszy widok w Polsce","publisher":{"@id":"https:\/\/domek-gubalowka.pl\/#organization"},"potentialAction":[{"@type":"SearchAction","target":{"@type":"EntryPoint","urlTemplate":"https:\/\/domek-gubalowka.pl\/?s={search_term_string}"},"query-input":{"@type":"PropertyValueSpecification","valueRequired":true,"valueName":"search_term_string"}}],"inLanguage":"pl-PL"},{"@type":"Organization","@id":"https:\/\/domek-gubalowka.pl\/#organization","name":"DOMEK NA GUBA\u0141\u00d3WCE","url":"https:\/\/domek-gubalowka.pl\/","logo":{"@type":"ImageObject","inLanguage":"pl-PL","@id":"https:\/\/domek-gubalowka.pl\/#\/schema\/logo\/image\/","url":"https:\/\/domek-gubalowka.pl\/wp-content\/uploads\/2018\/06\/cropped-logoA.png","contentUrl":"https:\/\/domek-gubalowka.pl\/wp-content\/uploads\/2018\/06\/cropped-logoA.png","width":512,"height":512,"caption":"DOMEK NA GUBA\u0141\u00d3WCE"},"image":{"@id":"https:\/\/domek-gubalowka.pl\/#\/schema\/logo\/image\/"},"sameAs":["https:\/\/www.facebook.com\/DomeknaGubalowce\/"]}]}},"_links":{"self":[{"href":"https:\/\/domek-gubalowka.pl\/index.php\/wp-json\/wp\/v2\/pages\/473","targetHints":{"allow":["GET"]}}],"collection":[{"href":"https:\/\/domek-gubalowka.pl\/index.php\/wp-json\/wp\/v2\/pages"}],"about":[{"href":"https:\/\/domek-gubalowka.pl\/index.php\/wp-json\/wp\/v2\/types\/page"}],"author":[{"embeddable":true,"href":"https:\/\/domek-gubalowka.pl\/index.php\/wp-json\/wp\/v2\/users\/1"}],"replies":[{"embeddable":true,"href":"https:\/\/domek-gubalowka.pl\/index.php\/wp-json\/wp\/v2\/comments?post=473"}],"version-history":[{"count":0,"href":"https:\/\/domek-gubalowka.pl\/index.php\/wp-json\/wp\/v2\/pages\/473\/revisions"}],"up":[{"embeddable":true,"href":"https:\/\/domek-gubalowka.pl\/index.php\/wp-json\/wp\/v2\/pages\/133"}],"wp:attachment":[{"href":"https:\/\/domek-gubalowka.pl\/index.php\/wp-json\/wp\/v2\/media?parent=473"}],"curies":[{"name":"wp","href":"https:\/\/api.w.org\/{rel}","templated":true}]}}