{"id":281,"date":"2015-12-09T03:04:36","date_gmt":"2015-12-09T03:04:36","guid":{"rendered":"http:\/\/demo.themelogi.com\/navian\/?page_id=281"},"modified":"2015-12-09T03:04:36","modified_gmt":"2015-12-09T03:04:36","slug":"call-to-action","status":"publish","type":"page","link":"https:\/\/domek-gubalowka.pl\/index.php\/elements\/call-to-action\/","title":{"rendered":"Call to Action"},"content":{"rendered":"<div class=\"wpb-content-wrapper\"><p>[vc_row tlg_padding=&#8221;pb0&#8243;][vc_column css=&#8221;.vc_custom_1488341145859{background-color: #f4f4f4 !important;}&#8221;]<div class=\"display-table action-box\"><div class=\"display-cell display-none-sm display-icon\"><i  class=\"fade-color ms-text ti-arrow-circle-right icon\"><\/i><\/div>\n\t\t\t\t\t<div class=\"display-cell text-center-sm\">\n\t\t\t\t\t\t<h2  class=\"maintitle\">Create your stunning website<\/h2>\n\t\t\t\t\t\t<p  class=\"mb0\">Let's create something great together!<\/p>\n\t\t\t\t\t<\/div>\n\t\t\t\t\t<div class=\"display-cell text-center-sm text-right\"><a  id=\"btn-69f5c4bb0d5e7\" class=\"btn btn-filled btn-rounded  btn-sm-sm text-center mr-0 mb0 mt-xs-24\" href= \"#\" target=\"_self\" >Start a Project<\/a><\/div>\n\t\t\t\t<\/div>[\/vc_column][\/vc_row][vc_row][vc_column css=&#8221;.vc_custom_1538277998365{background-color: #dff1ef !important;}&#8221;]<div class=\"display-table action-box\"><div class=\"display-cell display-none-sm display-icon\"><i  class=\"fade-color ms-text ti-user icon\"><\/i><\/div>\n\t\t\t\t\t<div class=\"display-cell text-center-sm\">\n\t\t\t\t\t\t<h2  class=\"maintitle\">Create your stunning website<\/h2>\n\t\t\t\t\t\t<p  class=\"mb0\">Let's create something great together!<\/p>\n\t\t\t\t\t<\/div>\n\t\t\t\t\t<div class=\"display-cell text-center-sm text-right\"><a  id=\"btn-69f5c4bb0d64a\" class=\"btn btn-filled btn-dark btn-rounded  btn-sm-sm text-center mr-0 mb0 mt-xs-24\" href= \"#\" target=\"_self\" >Start a Project<\/a><\/div>\n\t\t\t\t<\/div>[\/vc_column][\/vc_row][vc_row full_width=&#8221;stretch_row_content&#8221; tlg_background_style=&#8221;bg-primary&#8221; tlg_enable_overlay=&#8221;yes&#8221; css=&#8221;.vc_custom_1565346482664{background-image: url(http:\/\/demo.themelogi.com\/navian\/wp-content\/uploads_dummy\/2019\/06\/friend-connections.jpg?id=8305) !important;}&#8221; tlg_bg_overlay=&#8221;#000000&#8243; tlg_bg_overlay_value=&#8221;8&#8243;][vc_column]<div class=\"display-table action-box\"><div class=\"display-cell display-none-sm display-icon\"><i  class=\"fade-color ms-text ti-arrow-circle-right icon\"><\/i><\/div>\n\t\t\t\t\t<div class=\"display-cell text-center-sm\">\n\t\t\t\t\t\t<h2  class=\"maintitle\">Create your stunning website<\/h2>\n\t\t\t\t\t\t<p  class=\"mb0\">Let's create something great together!<\/p>\n\t\t\t\t\t<\/div>\n\t\t\t\t\t<div class=\"display-cell text-center-sm text-right\"><a  id=\"btn-69f5c4bb0d660\" class=\"btn btn-rounded  btn-sm-sm text-center mr-0 mb0 mt-xs-24\" href= \"#\" target=\"_self\" >Start a Project<\/a><\/div>\n\t\t\t\t<\/div>[\/vc_column][\/vc_row][vc_row full_width=&#8221;stretch_row_content&#8221; tlg_background_style=&#8221;bg-primary&#8221;][vc_column]<div class=\"display-table action-box\"><div class=\"display-cell display-none-sm display-icon\"><i  class=\"fade-color ms-text ti-arrow-circle-right icon\"><\/i><\/div>\n\t\t\t\t\t<div class=\"display-cell text-center-sm\">\n\t\t\t\t\t\t<h2  class=\"maintitle\">Create your stunning website<\/h2>\n\t\t\t\t\t\t<p  class=\"mb0\">Let's create something great together!<\/p>\n\t\t\t\t\t<\/div>\n\t\t\t\t\t<div class=\"display-cell text-center-sm text-right\"><a  id=\"btn-69f5c4bb0d672\" class=\"btn btn-rounded  btn-sm-sm text-center mr-0 mb0 mt-xs-24\" href= \"#\" target=\"_self\" >Start a Project<\/a><\/div>\n\t\t\t\t<\/div>[\/vc_column][\/vc_row][vc_row full_width=&#8221;stretch_row_content&#8221; tlg_background_style=&#8221;bg-dark&#8221;][vc_column]<div class=\"display-table action-box\"><div class=\"display-cell display-none-sm display-icon\"><i  class=\"fade-color ms-text ti-arrow-circle-right icon\"><\/i><\/div>\n\t\t\t\t\t<div class=\"display-cell text-center-sm\">\n\t\t\t\t\t\t<h2  class=\"maintitle\">Create your stunning website<\/h2>\n\t\t\t\t\t\t<p  class=\"mb0\">Let's create something great together!<\/p>\n\t\t\t\t\t<\/div>\n\t\t\t\t\t<div class=\"display-cell text-center-sm text-right\"><a  id=\"btn-69f5c4bb0d682\" class=\"btn btn-filled btn-rounded  btn-sm-sm text-center mr-0 mb0 mt-xs-24\" href= \"#\" target=\"_self\" >Start a Project<\/a><\/div>\n\t\t\t\t<\/div>[\/vc_column][\/vc_row][vc_row full_width=&#8221;stretch_row_content&#8221; tlg_background_style=&#8221;bg-primary&#8221; tlg_enable_overlay=&#8221;yes&#8221; css=&#8221;.vc_custom_1565346516642{padding-top: 5% !important;padding-bottom: 5% !important;background-image: url(http:\/\/demo.themelogi.com\/navian\/wp-content\/uploads_dummy\/2019\/06\/collaboratings.jpg?id=8304) !important;}&#8221; tlg_bg_overlay=&#8221;#49c5b6&#8243; tlg_bg_overlay_value=&#8221;9&#8243; tlg_bg_gradient_color=&#8221;#eb8817&#8243;][vc_column]<div class=\"action-box text-center\"><div class=\"pb32\"><i  class=\"fade-color ms-text ti-crown icon\"><\/i><\/div>\n\t\t\t\t\t<h2  class=\"maintitle\">Create your stunning website<\/h2>\n\t\t\t\t\t<p  class=\"mb0\">MEET NAVIAN THEME<\/p>\n\t\t\t\t\t<div class=\"pt32 pt-xs-8\"><a  id=\"btn-69f5c4bb0d692\" class=\"btn btn-filled btn-light btn-rounded  btn-sm-sm text-center mr-0 mb0 mt-xs-24\" href= \"#\" target=\"_self\" >Purchase Now<\/a><\/div>\n\t\t\t\t<\/div>[\/vc_column][\/vc_row]<\/p>\n<\/div>","protected":false},"excerpt":{"rendered":"<p>[vc_row tlg_padding=&#8221;pb0&#8243;][vc_column css=&#8221;.vc_custom_1488341145859{background-color: #f4f4f4 !important;}&#8221;][\/vc_column][\/vc_row][vc_row][vc_column css=&#8221;.vc_custom_1538277998365{background-color: #dff1ef !important;}&#8221;][\/vc_column][\/vc_row][vc_row full_width=&#8221;stretch_row_content&#8221; tlg_background_style=&#8221;bg-primary&#8221; tlg_enable_overlay=&#8221;yes&#8221; css=&#8221;.vc_custom_1565346482664{background-image: url(http:\/\/demo.themelogi.com\/navian\/wp-content\/uploads_dummy\/2019\/06\/friend-connections.jpg?id=8305) !important;}&#8221; tlg_bg_overlay=&#8221;#000000&#8243; tlg_bg_overlay_value=&#8221;8&#8243;][vc_column][\/vc_column][\/vc_row][vc_row full_width=&#8221;stretch_row_content&#8221; tlg_background_style=&#8221;bg-primary&#8221;][vc_column][\/vc_column][\/vc_row][vc_row full_width=&#8221;stretch_row_content&#8221; tlg_background_style=&#8221;bg-dark&#8221;][vc_column][\/vc_column][\/vc_row][vc_row full_width=&#8221;stretch_row_content&#8221; tlg_background_style=&#8221;bg-primary&#8221; tlg_enable_overlay=&#8221;yes&#8221; css=&#8221;.vc_custom_1565346516642{padding-top: 5% !important;padding-bottom: 5% !important;background-image: url(http:\/\/demo.themelogi.com\/navian\/wp-content\/uploads_dummy\/2019\/06\/collaboratings.jpg?id=8304) !important;}&#8221; tlg_bg_overlay=&#8221;#49c5b6&#8243; tlg_bg_overlay_value=&#8221;9&#8243; tlg_bg_gradient_color=&#8221;#eb8817&#8243;][vc_column][\/vc_column][\/vc_row]<\/p>\n","protected":false},"author":1,"featured_media":0,"parent":133,"menu_order":0,"comment_status":"closed","ping_status":"closed","template":"","meta":{"footnotes":""},"class_list":["post-281","page","type-page","status-publish","hentry"],"yoast_head":"<!-- This site is optimized with the Yoast SEO plugin v27.5 - https:\/\/yoast.com\/product\/yoast-seo-wordpress\/ -->\n<title>Call to Action - DOMEK NA GUBA\u0141\u00d3WCE<\/title>\n<meta name=\"robots\" content=\"index, follow, max-snippet:-1, max-image-preview:large, max-video-preview:-1\" \/>\n<link rel=\"canonical\" href=\"https:\/\/domek-gubalowka.pl\/index.php\/elements\/call-to-action\/\" \/>\n<meta property=\"og:locale\" content=\"pl_PL\" \/>\n<meta property=\"og:type\" content=\"article\" \/>\n<meta property=\"og:title\" content=\"Call to Action - DOMEK NA GUBA\u0141\u00d3WCE\" \/>\n<meta property=\"og:description\" content=\"[vc_row tlg_padding=&#8221;pb0&#8243;][vc_column css=&#8221;.vc_custom_1488341145859{background-color: #f4f4f4 !important;}&#8221;][\/vc_column][\/vc_row][vc_row][vc_column css=&#8221;.vc_custom_1538277998365{background-color: #dff1ef !important;}&#8221;][\/vc_column][\/vc_row][vc_row full_width=&#8221;stretch_row_content&#8221; tlg_background_style=&#8221;bg-primary&#8221; tlg_enable_overlay=&#8221;yes&#8221; css=&#8221;.vc_custom_1565346482664{background-image: url(http:\/\/demo.themelogi.com\/navian\/wp-content\/uploads_dummy\/2019\/06\/friend-connections.jpg?id=8305) !important;}&#8221; tlg_bg_overlay=&#8221;#000000&#8243; tlg_bg_overlay_value=&#8221;8&#8243;][vc_column][\/vc_column][\/vc_row][vc_row full_width=&#8221;stretch_row_content&#8221; tlg_background_style=&#8221;bg-primary&#8221;][vc_column][\/vc_column][\/vc_row][vc_row full_width=&#8221;stretch_row_content&#8221; tlg_background_style=&#8221;bg-dark&#8221;][vc_column][\/vc_column][\/vc_row][vc_row full_width=&#8221;stretch_row_content&#8221; tlg_background_style=&#8221;bg-primary&#8221; tlg_enable_overlay=&#8221;yes&#8221; css=&#8221;.vc_custom_1565346516642{padding-top: 5% !important;padding-bottom: 5% !important;background-image: url(http:\/\/demo.themelogi.com\/navian\/wp-content\/uploads_dummy\/2019\/06\/collaboratings.jpg?id=8304) !important;}&#8221; tlg_bg_overlay=&#8221;#49c5b6&#8243; tlg_bg_overlay_value=&#8221;9&#8243; tlg_bg_gradient_color=&#8221;#eb8817&#8243;][vc_column][\/vc_column][\/vc_row]\" \/>\n<meta property=\"og:url\" content=\"https:\/\/domek-gubalowka.pl\/index.php\/elements\/call-to-action\/\" \/>\n<meta property=\"og:site_name\" content=\"DOMEK NA GUBA\u0141\u00d3WCE\" \/>\n<meta property=\"article:publisher\" content=\"https:\/\/www.facebook.com\/DomeknaGubalowce\/\" \/>\n<meta name=\"twitter:card\" content=\"summary_large_image\" \/>\n<meta name=\"twitter:label1\" content=\"Szacowany czas czytania\" \/>\n\t<meta name=\"twitter:data1\" content=\"2 minuty\" \/>\n<script type=\"application\/ld+json\" class=\"yoast-schema-graph\">{\"@context\":\"https:\\\/\\\/schema.org\",\"@graph\":[{\"@type\":\"WebPage\",\"@id\":\"https:\\\/\\\/domek-gubalowka.pl\\\/index.php\\\/elements\\\/call-to-action\\\/\",\"url\":\"https:\\\/\\\/domek-gubalowka.pl\\\/index.php\\\/elements\\\/call-to-action\\\/\",\"name\":\"Call to Action - DOMEK NA GUBA\u0141\u00d3WCE\",\"isPartOf\":{\"@id\":\"https:\\\/\\\/domek-gubalowka.pl\\\/#website\"},\"datePublished\":\"2015-12-09T03:04:36+00:00\",\"breadcrumb\":{\"@id\":\"https:\\\/\\\/domek-gubalowka.pl\\\/index.php\\\/elements\\\/call-to-action\\\/#breadcrumb\"},\"inLanguage\":\"pl-PL\",\"potentialAction\":[{\"@type\":\"ReadAction\",\"target\":[\"https:\\\/\\\/domek-gubalowka.pl\\\/index.php\\\/elements\\\/call-to-action\\\/\"]}]},{\"@type\":\"BreadcrumbList\",\"@id\":\"https:\\\/\\\/domek-gubalowka.pl\\\/index.php\\\/elements\\\/call-to-action\\\/#breadcrumb\",\"itemListElement\":[{\"@type\":\"ListItem\",\"position\":1,\"name\":\"Strona g\u0142\u00f3wna\",\"item\":\"https:\\\/\\\/domek-gubalowka.pl\\\/\"},{\"@type\":\"ListItem\",\"position\":2,\"name\":\"Elements\",\"item\":\"https:\\\/\\\/domek-gubalowka.pl\\\/index.php\\\/elements\\\/\"},{\"@type\":\"ListItem\",\"position\":3,\"name\":\"Call to Action\"}]},{\"@type\":\"WebSite\",\"@id\":\"https:\\\/\\\/domek-gubalowka.pl\\\/#website\",\"url\":\"https:\\\/\\\/domek-gubalowka.pl\\\/\",\"name\":\"DOMEK NA GUBA\u0141\u00d3WCE\",\"description\":\"Domek do wynaj\u0119cia. Najpi\u0119kniejszy widok w Polsce\",\"publisher\":{\"@id\":\"https:\\\/\\\/domek-gubalowka.pl\\\/#organization\"},\"potentialAction\":[{\"@type\":\"SearchAction\",\"target\":{\"@type\":\"EntryPoint\",\"urlTemplate\":\"https:\\\/\\\/domek-gubalowka.pl\\\/?s={search_term_string}\"},\"query-input\":{\"@type\":\"PropertyValueSpecification\",\"valueRequired\":true,\"valueName\":\"search_term_string\"}}],\"inLanguage\":\"pl-PL\"},{\"@type\":\"Organization\",\"@id\":\"https:\\\/\\\/domek-gubalowka.pl\\\/#organization\",\"name\":\"DOMEK NA GUBA\u0141\u00d3WCE\",\"url\":\"https:\\\/\\\/domek-gubalowka.pl\\\/\",\"logo\":{\"@type\":\"ImageObject\",\"inLanguage\":\"pl-PL\",\"@id\":\"https:\\\/\\\/domek-gubalowka.pl\\\/#\\\/schema\\\/logo\\\/image\\\/\",\"url\":\"https:\\\/\\\/domek-gubalowka.pl\\\/wp-content\\\/uploads\\\/2018\\\/06\\\/cropped-logoA.png\",\"contentUrl\":\"https:\\\/\\\/domek-gubalowka.pl\\\/wp-content\\\/uploads\\\/2018\\\/06\\\/cropped-logoA.png\",\"width\":512,\"height\":512,\"caption\":\"DOMEK NA GUBA\u0141\u00d3WCE\"},\"image\":{\"@id\":\"https:\\\/\\\/domek-gubalowka.pl\\\/#\\\/schema\\\/logo\\\/image\\\/\"},\"sameAs\":[\"https:\\\/\\\/www.facebook.com\\\/DomeknaGubalowce\\\/\"]}]}<\/script>\n<!-- \/ Yoast SEO plugin. -->","yoast_head_json":{"title":"Call to Action - DOMEK NA GUBA\u0141\u00d3WCE","robots":{"index":"index","follow":"follow","max-snippet":"max-snippet:-1","max-image-preview":"max-image-preview:large","max-video-preview":"max-video-preview:-1"},"canonical":"https:\/\/domek-gubalowka.pl\/index.php\/elements\/call-to-action\/","og_locale":"pl_PL","og_type":"article","og_title":"Call to Action - DOMEK NA GUBA\u0141\u00d3WCE","og_description":"[vc_row tlg_padding=&#8221;pb0&#8243;][vc_column css=&#8221;.vc_custom_1488341145859{background-color: #f4f4f4 !important;}&#8221;][\/vc_column][\/vc_row][vc_row][vc_column css=&#8221;.vc_custom_1538277998365{background-color: #dff1ef !important;}&#8221;][\/vc_column][\/vc_row][vc_row full_width=&#8221;stretch_row_content&#8221; tlg_background_style=&#8221;bg-primary&#8221; tlg_enable_overlay=&#8221;yes&#8221; css=&#8221;.vc_custom_1565346482664{background-image: url(http:\/\/demo.themelogi.com\/navian\/wp-content\/uploads_dummy\/2019\/06\/friend-connections.jpg?id=8305) !important;}&#8221; tlg_bg_overlay=&#8221;#000000&#8243; tlg_bg_overlay_value=&#8221;8&#8243;][vc_column][\/vc_column][\/vc_row][vc_row full_width=&#8221;stretch_row_content&#8221; tlg_background_style=&#8221;bg-primary&#8221;][vc_column][\/vc_column][\/vc_row][vc_row full_width=&#8221;stretch_row_content&#8221; tlg_background_style=&#8221;bg-dark&#8221;][vc_column][\/vc_column][\/vc_row][vc_row full_width=&#8221;stretch_row_content&#8221; tlg_background_style=&#8221;bg-primary&#8221; tlg_enable_overlay=&#8221;yes&#8221; css=&#8221;.vc_custom_1565346516642{padding-top: 5% !important;padding-bottom: 5% !important;background-image: url(http:\/\/demo.themelogi.com\/navian\/wp-content\/uploads_dummy\/2019\/06\/collaboratings.jpg?id=8304) !important;}&#8221; tlg_bg_overlay=&#8221;#49c5b6&#8243; tlg_bg_overlay_value=&#8221;9&#8243; tlg_bg_gradient_color=&#8221;#eb8817&#8243;][vc_column][\/vc_column][\/vc_row]","og_url":"https:\/\/domek-gubalowka.pl\/index.php\/elements\/call-to-action\/","og_site_name":"DOMEK NA GUBA\u0141\u00d3WCE","article_publisher":"https:\/\/www.facebook.com\/DomeknaGubalowce\/","twitter_card":"summary_large_image","twitter_misc":{"Szacowany czas czytania":"2 minuty"},"schema":{"@context":"https:\/\/schema.org","@graph":[{"@type":"WebPage","@id":"https:\/\/domek-gubalowka.pl\/index.php\/elements\/call-to-action\/","url":"https:\/\/domek-gubalowka.pl\/index.php\/elements\/call-to-action\/","name":"Call to Action - DOMEK NA GUBA\u0141\u00d3WCE","isPartOf":{"@id":"https:\/\/domek-gubalowka.pl\/#website"},"datePublished":"2015-12-09T03:04:36+00:00","breadcrumb":{"@id":"https:\/\/domek-gubalowka.pl\/index.php\/elements\/call-to-action\/#breadcrumb"},"inLanguage":"pl-PL","potentialAction":[{"@type":"ReadAction","target":["https:\/\/domek-gubalowka.pl\/index.php\/elements\/call-to-action\/"]}]},{"@type":"BreadcrumbList","@id":"https:\/\/domek-gubalowka.pl\/index.php\/elements\/call-to-action\/#breadcrumb","itemListElement":[{"@type":"ListItem","position":1,"name":"Strona g\u0142\u00f3wna","item":"https:\/\/domek-gubalowka.pl\/"},{"@type":"ListItem","position":2,"name":"Elements","item":"https:\/\/domek-gubalowka.pl\/index.php\/elements\/"},{"@type":"ListItem","position":3,"name":"Call to Action"}]},{"@type":"WebSite","@id":"https:\/\/domek-gubalowka.pl\/#website","url":"https:\/\/domek-gubalowka.pl\/","name":"DOMEK NA GUBA\u0141\u00d3WCE","description":"Domek do wynaj\u0119cia. Najpi\u0119kniejszy widok w Polsce","publisher":{"@id":"https:\/\/domek-gubalowka.pl\/#organization"},"potentialAction":[{"@type":"SearchAction","target":{"@type":"EntryPoint","urlTemplate":"https:\/\/domek-gubalowka.pl\/?s={search_term_string}"},"query-input":{"@type":"PropertyValueSpecification","valueRequired":true,"valueName":"search_term_string"}}],"inLanguage":"pl-PL"},{"@type":"Organization","@id":"https:\/\/domek-gubalowka.pl\/#organization","name":"DOMEK NA GUBA\u0141\u00d3WCE","url":"https:\/\/domek-gubalowka.pl\/","logo":{"@type":"ImageObject","inLanguage":"pl-PL","@id":"https:\/\/domek-gubalowka.pl\/#\/schema\/logo\/image\/","url":"https:\/\/domek-gubalowka.pl\/wp-content\/uploads\/2018\/06\/cropped-logoA.png","contentUrl":"https:\/\/domek-gubalowka.pl\/wp-content\/uploads\/2018\/06\/cropped-logoA.png","width":512,"height":512,"caption":"DOMEK NA GUBA\u0141\u00d3WCE"},"image":{"@id":"https:\/\/domek-gubalowka.pl\/#\/schema\/logo\/image\/"},"sameAs":["https:\/\/www.facebook.com\/DomeknaGubalowce\/"]}]}},"_links":{"self":[{"href":"https:\/\/domek-gubalowka.pl\/index.php\/wp-json\/wp\/v2\/pages\/281","targetHints":{"allow":["GET"]}}],"collection":[{"href":"https:\/\/domek-gubalowka.pl\/index.php\/wp-json\/wp\/v2\/pages"}],"about":[{"href":"https:\/\/domek-gubalowka.pl\/index.php\/wp-json\/wp\/v2\/types\/page"}],"author":[{"embeddable":true,"href":"https:\/\/domek-gubalowka.pl\/index.php\/wp-json\/wp\/v2\/users\/1"}],"replies":[{"embeddable":true,"href":"https:\/\/domek-gubalowka.pl\/index.php\/wp-json\/wp\/v2\/comments?post=281"}],"version-history":[{"count":0,"href":"https:\/\/domek-gubalowka.pl\/index.php\/wp-json\/wp\/v2\/pages\/281\/revisions"}],"up":[{"embeddable":true,"href":"https:\/\/domek-gubalowka.pl\/index.php\/wp-json\/wp\/v2\/pages\/133"}],"wp:attachment":[{"href":"https:\/\/domek-gubalowka.pl\/index.php\/wp-json\/wp\/v2\/media?parent=281"}],"curies":[{"name":"wp","href":"https:\/\/api.w.org\/{rel}","templated":true}]}}