{"id":1985,"date":"2016-02-22T15:57:44","date_gmt":"2016-02-22T15:57:44","guid":{"rendered":"http:\/\/demo.themelogi.com\/navian\/?page_id=1985"},"modified":"2016-02-22T15:57:44","modified_gmt":"2016-02-22T15:57:44","slug":"coming-soon","status":"publish","type":"page","link":"https:\/\/domek-gubalowka.pl\/index.php\/pages\/coming-soon\/","title":{"rendered":"Coming Soon"},"content":{"rendered":"<div class=\"wpb-content-wrapper\"><p>[vc_row full_height=&#8221;yes&#8221; tlg_background_style=&#8221;bg-dark&#8221; tlg_enable_overlay=&#8221;yes&#8221; tlg_bg_gradient_type=&#8221;rotate&#8221; tlg_parallax=&#8221;not-parallax&#8221; tlg_text_align=&#8221;text-center&#8221; css=&#8221;.vc_custom_1565882683463{background-image: url(http:\/\/demo.themelogi.com\/navian\/wp-content\/uploads_dummy\/2019\/06\/friend-connections.jpg?id=8305) !important;}&#8221; tlg_bg_overlay_value=&#8221;9&#8243; tlg_bg_overlay=&#8221;#ffa3b5&#8243; tlg_bg_gradient_color=&#8221;#0000ef&#8221; el_class=&#8221;white-form&#8221;][vc_column]<div class=\"headings-title \"><div class=\"mb70 mb-xs-40 text-center\"><div  class=\"widgetsubtitle \">Welcome to our site<\/div><div class=\"divider-wrap\"><div class=\"tlg-divider \" style=\"\"><\/div><\/div><h5  class=\"widgettitle mb0\">Coming soon!<\/h5><\/div><\/div><div id=\"countdown-69f6373671f2c\" class=\"countdown-legacy boxed text-center\" data-date=\"2028\/01\/08 14:16\" data-week=\"weeks\" data-day=\"days\" data-hour=\"hr\" data-minute=\"min\" data-second=\"sec\" ><\/div><div class=\"tlg-spacer  \" data-height=\"80\" data-height-tablet=\"80\" data-height-mobile=\"20\" style=\"clear:both;display:block;height:80px;\"><\/div>[vc_row_inner][vc_column_inner width=&#8221;1\/4&#8243;][\/vc_column_inner][vc_column_inner width=&#8221;1\/2&#8243;]\n<div class=\"wpcf7 no-js\" id=\"wpcf7-f518-o1\" lang=\"en-US\" dir=\"ltr\" data-wpcf7-id=\"518\">\n<div class=\"screen-reader-response\"><p role=\"status\" aria-live=\"polite\" aria-atomic=\"true\"><\/p> <ul><\/ul><\/div>\n<form action=\"\/index.php\/wp-json\/wp\/v2\/pages\/1985#wpcf7-f518-o1\" method=\"post\" class=\"wpcf7-form init\" aria-label=\"Contact form\" novalidate=\"novalidate\" data-status=\"init\">\n<fieldset class=\"hidden-fields-container\"><input type=\"hidden\" name=\"_wpcf7\" value=\"518\" \/><input type=\"hidden\" name=\"_wpcf7_version\" value=\"6.1.5\" \/><input type=\"hidden\" name=\"_wpcf7_locale\" value=\"en_US\" \/><input type=\"hidden\" name=\"_wpcf7_unit_tag\" value=\"wpcf7-f518-o1\" \/><input type=\"hidden\" name=\"_wpcf7_container_post\" value=\"0\" \/><input type=\"hidden\" name=\"_wpcf7_posted_data_hash\" value=\"\" \/><input type=\"hidden\" name=\"_wpcf7_recaptcha_response\" value=\"\" \/>\n<\/fieldset>\n<div class=\"uacf7-form-wrapper-container uacf7-form-518  \"><div class=\"button-group\"><span class=\"wpcf7-form-control-wrap\" data-name=\"your-email\"><input size=\"40\" maxlength=\"400\" class=\"wpcf7-form-control wpcf7-email wpcf7-validates-as-required wpcf7-text wpcf7-validates-as-email\" aria-required=\"true\" aria-invalid=\"false\" placeholder=\"your@yoursite.com\" value=\"\" type=\"email\" name=\"your-email\" \/><\/span><input class=\"wpcf7-form-control wpcf7-submit has-spinner\" type=\"submit\" value=\"Subscrible\" \/><\/div><\/div><p style=\"display: none !important;\" class=\"akismet-fields-container\" data-prefix=\"_wpcf7_ak_\"><label>&#916;<textarea name=\"_wpcf7_ak_hp_textarea\" cols=\"45\" rows=\"8\" maxlength=\"100\"><\/textarea><\/label><input type=\"hidden\" id=\"ak_js_1\" name=\"_wpcf7_ak_js\" value=\"226\"\/><script type=\"text\/javascript\">\n\/* <![CDATA[ *\/\ndocument.getElementById( \"ak_js_1\" ).setAttribute( \"value\", ( new Date() ).getTime() );\n\/* ]]> *\/\n<\/script>\n<\/p><div class=\"wpcf7-response-output\" aria-hidden=\"true\"><\/div>\n<\/form>\n<\/div>\n[\/vc_column_inner][vc_column_inner width=&#8221;1\/4&#8243;][\/vc_column_inner][\/vc_row_inner]<div class=\"tlg-spacer  \" data-height=\"70\" data-height-tablet=\"70\" data-height-mobile=\"70\" style=\"clear:both;display:block;height:70px;\"><\/div><div class=\"text-center\"><a class=\"hvr-grow link-dark inline-block\" href= \"#\" target=\"_self\"  ><i id=\"icon-69f63736730ca\" style=\"color:#ffffff;margin:0 10px;\" class=\"ti-instagram circle-icon small-icon  inline-block custom-icon\"><\/i><\/a><script type=\"text\/javascript\">jQuery(document).ready(function(){jQuery('head').append('<style type=\"text\/css\" id=\"tlg-custom-css-icon-69f63736730ca\">#icon-69f63736730ca:hover{color:#ffffff!important;background-color:#9b6954!important;border-color:#9b6954!important;}<\/style>');});<\/script><a class=\"hvr-grow link-dark inline-block\" href= \"#\" target=\"_self\"  ><i id=\"icon-69f637367310b\" style=\"color:#ffffff;margin:0 10px;\" class=\"ti-facebook circle-icon small-icon  inline-block custom-icon\"><\/i><\/a><script type=\"text\/javascript\">jQuery(document).ready(function(){jQuery('head').append('<style type=\"text\/css\" id=\"tlg-custom-css-icon-69f637367310b\">#icon-69f637367310b:hover{color:#ffffff!important;background-color:#6a75c8!important;border-color:#6a75c8!important;}<\/style>');});<\/script><a class=\"hvr-grow link-dark inline-block\" href= \"#\" target=\"_self\"  ><i id=\"icon-69f637367311a\" style=\"color:#ffffff;margin:0 10px;\" class=\"ti-twitter circle-icon small-icon  inline-block custom-icon\"><\/i><\/a><script type=\"text\/javascript\">jQuery(document).ready(function(){jQuery('head').append('<style type=\"text\/css\" id=\"tlg-custom-css-icon-69f637367311a\">#icon-69f637367311a:hover{color:#ffffff!important;background-color:#6abaf7!important;border-color:#6abaf7!important;}<\/style>');});<\/script><a class=\"hvr-grow link-dark inline-block\" href= \"#\" target=\"_self\"  ><i id=\"icon-69f6373673127\" style=\"color:#ffffff;margin:0 10px;\" class=\"ti-google circle-icon small-icon  inline-block custom-icon\"><\/i><\/a><script type=\"text\/javascript\">jQuery(document).ready(function(){jQuery('head').append('<style type=\"text\/css\" id=\"tlg-custom-css-icon-69f6373673127\">#icon-69f6373673127:hover{color:#ffffff!important;background-color:#f05660!important;border-color:#f05660!important;}<\/style>');});<\/script><\/div>[\/vc_column][\/vc_row]<\/p>\n<\/div>","protected":false},"excerpt":{"rendered":"<p>[vc_row full_height=&#8221;yes&#8221; tlg_background_style=&#8221;bg-dark&#8221; tlg_enable_overlay=&#8221;yes&#8221; tlg_bg_gradient_type=&#8221;rotate&#8221; tlg_parallax=&#8221;not-parallax&#8221; tlg_text_align=&#8221;text-center&#8221; css=&#8221;.vc_custom_1565882683463{background-image: url(http:\/\/demo.themelogi.com\/navian\/wp-content\/uploads_dummy\/2019\/06\/friend-connections.jpg?id=8305) !important;}&#8221; tlg_bg_overlay_value=&#8221;9&#8243; tlg_bg_overlay=&#8221;#ffa3b5&#8243; tlg_bg_gradient_color=&#8221;#0000ef&#8221; el_class=&#8221;white-form&#8221;][vc_column][vc_row_inner][vc_column_inner width=&#8221;1\/4&#8243;][\/vc_column_inner][vc_column_inner width=&#8221;1\/2&#8243;][\/vc_column_inner][vc_column_inner width=&#8221;1\/4&#8243;][\/vc_column_inner][\/vc_row_inner][\/vc_column][\/vc_row]<\/p>\n","protected":false},"author":1,"featured_media":0,"parent":1951,"menu_order":0,"comment_status":"closed","ping_status":"closed","template":"","meta":{"footnotes":""},"class_list":["post-1985","page","type-page","status-publish","hentry"],"yoast_head":"<!-- This site is optimized with the Yoast SEO plugin v27.5 - https:\/\/yoast.com\/product\/yoast-seo-wordpress\/ -->\n<title>Coming Soon - DOMEK NA GUBA\u0141\u00d3WCE<\/title>\n<meta name=\"robots\" content=\"index, follow, max-snippet:-1, max-image-preview:large, max-video-preview:-1\" \/>\n<link rel=\"canonical\" href=\"https:\/\/domek-gubalowka.pl\/index.php\/pages\/coming-soon\/\" \/>\n<meta property=\"og:locale\" content=\"pl_PL\" \/>\n<meta property=\"og:type\" content=\"article\" \/>\n<meta property=\"og:title\" content=\"Coming Soon - DOMEK NA GUBA\u0141\u00d3WCE\" \/>\n<meta property=\"og:description\" content=\"[vc_row full_height=&#8221;yes&#8221; tlg_background_style=&#8221;bg-dark&#8221; tlg_enable_overlay=&#8221;yes&#8221; tlg_bg_gradient_type=&#8221;rotate&#8221; tlg_parallax=&#8221;not-parallax&#8221; tlg_text_align=&#8221;text-center&#8221; css=&#8221;.vc_custom_1565882683463{background-image: url(http:\/\/demo.themelogi.com\/navian\/wp-content\/uploads_dummy\/2019\/06\/friend-connections.jpg?id=8305) !important;}&#8221; tlg_bg_overlay_value=&#8221;9&#8243; tlg_bg_overlay=&#8221;#ffa3b5&#8243; tlg_bg_gradient_color=&#8221;#0000ef&#8221; el_class=&#8221;white-form&#8221;][vc_column][vc_row_inner][vc_column_inner width=&#8221;1\/4&#8243;][\/vc_column_inner][vc_column_inner width=&#8221;1\/2&#8243;][\/vc_column_inner][vc_column_inner width=&#8221;1\/4&#8243;][\/vc_column_inner][\/vc_row_inner][\/vc_column][\/vc_row]\" \/>\n<meta property=\"og:url\" content=\"https:\/\/domek-gubalowka.pl\/index.php\/pages\/coming-soon\/\" \/>\n<meta property=\"og:site_name\" content=\"DOMEK NA GUBA\u0141\u00d3WCE\" \/>\n<meta property=\"article:publisher\" content=\"https:\/\/www.facebook.com\/DomeknaGubalowce\/\" \/>\n<meta name=\"twitter:card\" content=\"summary_large_image\" \/>\n<meta name=\"twitter:label1\" content=\"Szacowany czas czytania\" \/>\n\t<meta name=\"twitter:data1\" content=\"1 minuta\" \/>\n<script type=\"application\/ld+json\" class=\"yoast-schema-graph\">{\"@context\":\"https:\\\/\\\/schema.org\",\"@graph\":[{\"@type\":\"WebPage\",\"@id\":\"https:\\\/\\\/domek-gubalowka.pl\\\/index.php\\\/pages\\\/coming-soon\\\/\",\"url\":\"https:\\\/\\\/domek-gubalowka.pl\\\/index.php\\\/pages\\\/coming-soon\\\/\",\"name\":\"Coming Soon - DOMEK NA GUBA\u0141\u00d3WCE\",\"isPartOf\":{\"@id\":\"https:\\\/\\\/domek-gubalowka.pl\\\/#website\"},\"datePublished\":\"2016-02-22T15:57:44+00:00\",\"breadcrumb\":{\"@id\":\"https:\\\/\\\/domek-gubalowka.pl\\\/index.php\\\/pages\\\/coming-soon\\\/#breadcrumb\"},\"inLanguage\":\"pl-PL\",\"potentialAction\":[{\"@type\":\"ReadAction\",\"target\":[\"https:\\\/\\\/domek-gubalowka.pl\\\/index.php\\\/pages\\\/coming-soon\\\/\"]}]},{\"@type\":\"BreadcrumbList\",\"@id\":\"https:\\\/\\\/domek-gubalowka.pl\\\/index.php\\\/pages\\\/coming-soon\\\/#breadcrumb\",\"itemListElement\":[{\"@type\":\"ListItem\",\"position\":1,\"name\":\"Strona g\u0142\u00f3wna\",\"item\":\"https:\\\/\\\/domek-gubalowka.pl\\\/\"},{\"@type\":\"ListItem\",\"position\":2,\"name\":\"Pages\",\"item\":\"https:\\\/\\\/domek-gubalowka.pl\\\/index.php\\\/pages\\\/\"},{\"@type\":\"ListItem\",\"position\":3,\"name\":\"Coming Soon\"}]},{\"@type\":\"WebSite\",\"@id\":\"https:\\\/\\\/domek-gubalowka.pl\\\/#website\",\"url\":\"https:\\\/\\\/domek-gubalowka.pl\\\/\",\"name\":\"DOMEK NA GUBA\u0141\u00d3WCE\",\"description\":\"Domek do wynaj\u0119cia. Najpi\u0119kniejszy widok w Polsce\",\"publisher\":{\"@id\":\"https:\\\/\\\/domek-gubalowka.pl\\\/#organization\"},\"potentialAction\":[{\"@type\":\"SearchAction\",\"target\":{\"@type\":\"EntryPoint\",\"urlTemplate\":\"https:\\\/\\\/domek-gubalowka.pl\\\/?s={search_term_string}\"},\"query-input\":{\"@type\":\"PropertyValueSpecification\",\"valueRequired\":true,\"valueName\":\"search_term_string\"}}],\"inLanguage\":\"pl-PL\"},{\"@type\":\"Organization\",\"@id\":\"https:\\\/\\\/domek-gubalowka.pl\\\/#organization\",\"name\":\"DOMEK NA GUBA\u0141\u00d3WCE\",\"url\":\"https:\\\/\\\/domek-gubalowka.pl\\\/\",\"logo\":{\"@type\":\"ImageObject\",\"inLanguage\":\"pl-PL\",\"@id\":\"https:\\\/\\\/domek-gubalowka.pl\\\/#\\\/schema\\\/logo\\\/image\\\/\",\"url\":\"https:\\\/\\\/domek-gubalowka.pl\\\/wp-content\\\/uploads\\\/2018\\\/06\\\/cropped-logoA.png\",\"contentUrl\":\"https:\\\/\\\/domek-gubalowka.pl\\\/wp-content\\\/uploads\\\/2018\\\/06\\\/cropped-logoA.png\",\"width\":512,\"height\":512,\"caption\":\"DOMEK NA GUBA\u0141\u00d3WCE\"},\"image\":{\"@id\":\"https:\\\/\\\/domek-gubalowka.pl\\\/#\\\/schema\\\/logo\\\/image\\\/\"},\"sameAs\":[\"https:\\\/\\\/www.facebook.com\\\/DomeknaGubalowce\\\/\"]}]}<\/script>\n<!-- \/ Yoast SEO plugin. -->","yoast_head_json":{"title":"Coming Soon - DOMEK NA GUBA\u0141\u00d3WCE","robots":{"index":"index","follow":"follow","max-snippet":"max-snippet:-1","max-image-preview":"max-image-preview:large","max-video-preview":"max-video-preview:-1"},"canonical":"https:\/\/domek-gubalowka.pl\/index.php\/pages\/coming-soon\/","og_locale":"pl_PL","og_type":"article","og_title":"Coming Soon - DOMEK NA GUBA\u0141\u00d3WCE","og_description":"[vc_row full_height=&#8221;yes&#8221; tlg_background_style=&#8221;bg-dark&#8221; tlg_enable_overlay=&#8221;yes&#8221; tlg_bg_gradient_type=&#8221;rotate&#8221; tlg_parallax=&#8221;not-parallax&#8221; tlg_text_align=&#8221;text-center&#8221; css=&#8221;.vc_custom_1565882683463{background-image: url(http:\/\/demo.themelogi.com\/navian\/wp-content\/uploads_dummy\/2019\/06\/friend-connections.jpg?id=8305) !important;}&#8221; tlg_bg_overlay_value=&#8221;9&#8243; tlg_bg_overlay=&#8221;#ffa3b5&#8243; tlg_bg_gradient_color=&#8221;#0000ef&#8221; el_class=&#8221;white-form&#8221;][vc_column][vc_row_inner][vc_column_inner width=&#8221;1\/4&#8243;][\/vc_column_inner][vc_column_inner width=&#8221;1\/2&#8243;][\/vc_column_inner][vc_column_inner width=&#8221;1\/4&#8243;][\/vc_column_inner][\/vc_row_inner][\/vc_column][\/vc_row]","og_url":"https:\/\/domek-gubalowka.pl\/index.php\/pages\/coming-soon\/","og_site_name":"DOMEK NA GUBA\u0141\u00d3WCE","article_publisher":"https:\/\/www.facebook.com\/DomeknaGubalowce\/","twitter_card":"summary_large_image","twitter_misc":{"Szacowany czas czytania":"1 minuta"},"schema":{"@context":"https:\/\/schema.org","@graph":[{"@type":"WebPage","@id":"https:\/\/domek-gubalowka.pl\/index.php\/pages\/coming-soon\/","url":"https:\/\/domek-gubalowka.pl\/index.php\/pages\/coming-soon\/","name":"Coming Soon - DOMEK NA GUBA\u0141\u00d3WCE","isPartOf":{"@id":"https:\/\/domek-gubalowka.pl\/#website"},"datePublished":"2016-02-22T15:57:44+00:00","breadcrumb":{"@id":"https:\/\/domek-gubalowka.pl\/index.php\/pages\/coming-soon\/#breadcrumb"},"inLanguage":"pl-PL","potentialAction":[{"@type":"ReadAction","target":["https:\/\/domek-gubalowka.pl\/index.php\/pages\/coming-soon\/"]}]},{"@type":"BreadcrumbList","@id":"https:\/\/domek-gubalowka.pl\/index.php\/pages\/coming-soon\/#breadcrumb","itemListElement":[{"@type":"ListItem","position":1,"name":"Strona g\u0142\u00f3wna","item":"https:\/\/domek-gubalowka.pl\/"},{"@type":"ListItem","position":2,"name":"Pages","item":"https:\/\/domek-gubalowka.pl\/index.php\/pages\/"},{"@type":"ListItem","position":3,"name":"Coming Soon"}]},{"@type":"WebSite","@id":"https:\/\/domek-gubalowka.pl\/#website","url":"https:\/\/domek-gubalowka.pl\/","name":"DOMEK NA GUBA\u0141\u00d3WCE","description":"Domek do wynaj\u0119cia. Najpi\u0119kniejszy widok w Polsce","publisher":{"@id":"https:\/\/domek-gubalowka.pl\/#organization"},"potentialAction":[{"@type":"SearchAction","target":{"@type":"EntryPoint","urlTemplate":"https:\/\/domek-gubalowka.pl\/?s={search_term_string}"},"query-input":{"@type":"PropertyValueSpecification","valueRequired":true,"valueName":"search_term_string"}}],"inLanguage":"pl-PL"},{"@type":"Organization","@id":"https:\/\/domek-gubalowka.pl\/#organization","name":"DOMEK NA GUBA\u0141\u00d3WCE","url":"https:\/\/domek-gubalowka.pl\/","logo":{"@type":"ImageObject","inLanguage":"pl-PL","@id":"https:\/\/domek-gubalowka.pl\/#\/schema\/logo\/image\/","url":"https:\/\/domek-gubalowka.pl\/wp-content\/uploads\/2018\/06\/cropped-logoA.png","contentUrl":"https:\/\/domek-gubalowka.pl\/wp-content\/uploads\/2018\/06\/cropped-logoA.png","width":512,"height":512,"caption":"DOMEK NA GUBA\u0141\u00d3WCE"},"image":{"@id":"https:\/\/domek-gubalowka.pl\/#\/schema\/logo\/image\/"},"sameAs":["https:\/\/www.facebook.com\/DomeknaGubalowce\/"]}]}},"_links":{"self":[{"href":"https:\/\/domek-gubalowka.pl\/index.php\/wp-json\/wp\/v2\/pages\/1985","targetHints":{"allow":["GET"]}}],"collection":[{"href":"https:\/\/domek-gubalowka.pl\/index.php\/wp-json\/wp\/v2\/pages"}],"about":[{"href":"https:\/\/domek-gubalowka.pl\/index.php\/wp-json\/wp\/v2\/types\/page"}],"author":[{"embeddable":true,"href":"https:\/\/domek-gubalowka.pl\/index.php\/wp-json\/wp\/v2\/users\/1"}],"replies":[{"embeddable":true,"href":"https:\/\/domek-gubalowka.pl\/index.php\/wp-json\/wp\/v2\/comments?post=1985"}],"version-history":[{"count":0,"href":"https:\/\/domek-gubalowka.pl\/index.php\/wp-json\/wp\/v2\/pages\/1985\/revisions"}],"up":[{"embeddable":true,"href":"https:\/\/domek-gubalowka.pl\/index.php\/wp-json\/wp\/v2\/pages\/1951"}],"wp:attachment":[{"href":"https:\/\/domek-gubalowka.pl\/index.php\/wp-json\/wp\/v2\/media?parent=1985"}],"curies":[{"name":"wp","href":"https:\/\/api.w.org\/{rel}","templated":true}]}}