{"id":1963,"date":"2016-02-22T15:55:25","date_gmt":"2016-02-22T15:55:25","guid":{"rendered":"http:\/\/demo.themelogi.com\/navian\/?page_id=1963"},"modified":"2016-02-22T15:55:25","modified_gmt":"2016-02-22T15:55:25","slug":"contact-2","status":"publish","type":"page","link":"https:\/\/domek-gubalowka.pl\/index.php\/pages\/contact-2\/","title":{"rendered":"Contact 2"},"content":{"rendered":"<div class=\"wpb-content-wrapper\"><p>[vc_row full_width=&#8221;stretch_row&#8221;][vc_column]<section  id=\"single-69e22cd79ad74\" class=\"header-single vertical-flex m0 image-bg parallax pt240 pb240 pt-xs-80 pb-xs-80\" ><div class=\"background-content \"><div style=\"background-color:#49c5b6; opacity:0.85;background: linear-gradient(to right,#49c5b6 0%,#3897f0 100%);opacity:0.9!important;\" class=\"background-overlay\"><\/div><\/div><div  class=\"container vertical-flex-column item-content \">\n\t\t\t            <div class=\"row\"><div class=\"standard-slide p0 col-lg-12 col-lg-offset-0 col-md-10 col-md-offset-1 col-sm-12 text-center\"><h1  class=\"heading-title-bold\">We love to hear from <i>you<\/i><\/h1><div  class=\"heading-content\"><p>If you enjoy our collection of travel news and information, you\u2019ll want to subscribe to our newsletters.<\/p>\n<\/div>\n                <\/div><\/div><\/div><div class=\"align-bottom text-center \"><a style=\"font-size: 30px;color:#ffffff;\" id=\"btn-69e22cd79ad75\"  class=\" m0 btn-text ti-angle-down  btn-sm-sm \"  href= \"#main\"  ><\/a><\/div><\/section><script type=\"text\/javascript\">jQuery(document).ready(function(){jQuery('head').append('<style type=\"text\/css\" id=\"tlg-custom-css-single-69e22cd79ad74\">#btn-69e22cd79ad75:hover, #btn-69e22cd79ad75:focus{color:#ffffff!important;}<\/style>');});<\/script>[\/vc_column][\/vc_row][vc_row tlg_background_style=&#8221;bg-secondary&#8221; el_id=&#8221;main&#8221;][vc_column width=&#8221;1\/3&#8243;]<div class=\"grid-blog no-border\"><div class=\"intro-content-box icon-hover boxed-intro blog-boxed overflow-hidden heavy-shadow zoom-hover  \">\n\t\t\t\t\t\t\t<div class=\"overflow-hidden relative \">\n                \t\t\t\t<div class=\"intro-image overflow-hidden relative\"><img decoding=\"async\" src=\"https:\/\/domek-gubalowka.pl\/wp-content\/plugins\/tlg_framework\/assets\/img\/placeholder.png\">\n\t\t\t\t\t\t\t\t<\/div><\/div>\n\t\t\t\t\t\t\t<div class=\"intro-content\"><div class=\"subtitle-box\">Head Office<\/div><h5  class=\"widgettitle mt0 \">Los Angeles, USA<\/h5><div class=\"blog-boxed-content\"><p>6010 W 3rd St,, Los Angeles, CA 90039<br \/>\ncontact@yourcompany.com<br \/>\n+209 1006 0411 310<\/p>\n<\/div><a  id=\"btn-69e22cd79b316\" class=\"btn btn-primary-line btn-rounded btn-sm   btn-sm-sm text-center mr-0 mb0 mt16\" href= \"#contact\" target=\"_self\" >Join Us<i class=\"ti-angle-right\"><\/i><\/a><\/div>\n\t\t\t\t\t\t<\/div><\/div>[\/vc_column][vc_column width=&#8221;1\/3&#8243;]<div class=\"grid-blog no-border\"><div class=\"intro-content-box icon-hover boxed-intro blog-boxed overflow-hidden heavy-shadow zoom-hover  \">\n\t\t\t\t\t\t\t<div class=\"overflow-hidden relative \">\n                \t\t\t\t<div class=\"intro-image overflow-hidden relative\"><img decoding=\"async\" src=\"https:\/\/domek-gubalowka.pl\/wp-content\/plugins\/tlg_framework\/assets\/img\/placeholder.png\">\n\t\t\t\t\t\t\t\t<\/div><\/div>\n\t\t\t\t\t\t\t<div class=\"intro-content\"><div class=\"subtitle-box\">Euro Office<\/div><h5  class=\"widgettitle mt0 \">London, UK<\/h5><div class=\"blog-boxed-content\"><p>20 Knightsbridge, London SW1X 7LA, UK<br \/>\ncontact@yourcompany.com<br \/>\n+209 1006 0411 310<\/p>\n<\/div><a  id=\"btn-69e22cd79b5d7\" class=\"btn btn-primary-line btn-rounded btn-sm   btn-sm-sm text-center mr-0 mb0 mt16\" href= \"#contact\" target=\"_self\" >Join Us<i class=\"ti-angle-right\"><\/i><\/a><\/div>\n\t\t\t\t\t\t<\/div><\/div>[\/vc_column][vc_column width=&#8221;1\/3&#8243;]<div class=\"grid-blog no-border\"><div class=\"intro-content-box icon-hover boxed-intro blog-boxed overflow-hidden heavy-shadow zoom-hover  \">\n\t\t\t\t\t\t\t<div class=\"overflow-hidden relative \">\n                \t\t\t\t<div class=\"intro-image overflow-hidden relative\"><img decoding=\"async\" src=\"https:\/\/domek-gubalowka.pl\/wp-content\/plugins\/tlg_framework\/assets\/img\/placeholder.png\">\n\t\t\t\t\t\t\t\t<\/div><\/div>\n\t\t\t\t\t\t\t<div class=\"intro-content\"><div class=\"subtitle-box\">Euro Office<\/div><h5  class=\"widgettitle mt0 \">Paris, FR<\/h5><div class=\"blog-boxed-content\"><p>Avenue R\u00e9publique, Montrouge, FR<br \/>\ncontact@yourcompany.com<br \/>\n+209 1006 0411 310<\/p>\n<\/div><a  id=\"btn-69e22cd79b89b\" class=\"btn btn-primary-line btn-rounded btn-sm   btn-sm-sm text-center mr-0 mb0 mt16\" href= \"#contact\" target=\"_self\" >Join Us<i class=\"ti-angle-right\"><\/i><\/a><\/div>\n\t\t\t\t\t\t<\/div><\/div>[\/vc_column][\/vc_row][vc_row full_width=&#8221;stretch_row&#8221; tlg_background_style=&#8221;bg-dark&#8221; tlg_enable_overlay=&#8221;yes&#8221; tlg_parallax=&#8221;not-parallax&#8221; el_id=&#8221;contact&#8221; css=&#8221;.vc_custom_1565858274357{background-image: url(http:\/\/demo.themelogi.com\/navian\/wp-content\/uploads_dummy\/2019\/06\/partnerss.jpg?id=8309) !important;}&#8221; tlg_bg_overlay=&#8221;#000000&#8243; tlg_bg_overlay_value=&#8221;8.4&#8243; el_class=&#8221;white-form&#8221;][vc_column width=&#8221;1\/2&#8243; css=&#8221;.vc_custom_1561994135727{padding-top: 0px !important;padding-right: 0px !important;padding-bottom: 0px !important;padding-left: 0px !important;}&#8221;]<div class=\"tlg-custom-embed  \"><iframe style=\"height: 740px;\" frameborder=\"0\" scrolling=\"no\" marginheight=\"0\" marginwidth=\"0\" src=\"https:\/\/maps.google.com\/maps?q=Str.%20151%2C%20Washington%2C%20NY&amp;t=m&amp;z=14&amp;output=embed&amp;iwloc=near\" aria-label=\"Str. 151, Washington, NY\"><\/iframe><\/div>[\/vc_column][vc_column width=&#8221;1\/2&#8243; css=&#8221;.vc_custom_1561999440205{padding-top: 8% !important;padding-right: 19% !important;padding-bottom: 8% !important;padding-left: 10% !important;}&#8221;]<div class=\"headings-title \"><div class=\"mb40 mb-xs-40 text-left\"><h5  class=\"widgettitle mb0\">Need help finding information, we would love to hear <cite><i>from you<\/i><\/cite><\/h5><\/div><\/div>[vc_column_text]Please complete the form and we&#8217;ll get back to you within 1 \u2013 2 business days. We look forward to working with you.[\/vc_column_text]\n<div class=\"wpcf7 no-js\" id=\"wpcf7-f681-o1\" lang=\"en-US\" dir=\"ltr\" data-wpcf7-id=\"681\">\n<div class=\"screen-reader-response\"><p role=\"status\" aria-live=\"polite\" aria-atomic=\"true\"><\/p> <ul><\/ul><\/div>\n<form action=\"\/index.php\/wp-json\/wp\/v2\/pages\/1963#wpcf7-f681-o1\" method=\"post\" class=\"wpcf7-form init\" aria-label=\"Contact form\" novalidate=\"novalidate\" data-status=\"init\">\n<fieldset class=\"hidden-fields-container\"><input type=\"hidden\" name=\"_wpcf7\" value=\"681\" \/><input type=\"hidden\" name=\"_wpcf7_version\" value=\"6.1.5\" \/><input type=\"hidden\" name=\"_wpcf7_locale\" value=\"en_US\" \/><input type=\"hidden\" name=\"_wpcf7_unit_tag\" value=\"wpcf7-f681-o1\" \/><input type=\"hidden\" name=\"_wpcf7_container_post\" value=\"0\" \/><input type=\"hidden\" name=\"_wpcf7_posted_data_hash\" value=\"\" \/><input type=\"hidden\" name=\"_wpcf7_recaptcha_response\" value=\"\" \/>\n<\/fieldset>\n<div class=\"uacf7-form-wrapper-container uacf7-form-681  \"><div class=\"flat-input\">\n<div class=\"overflow-hidden\">\n<div class=\"half-column half-column-left\">\n    <span class=\"wpcf7-form-control-wrap\" data-name=\"your-name\"><input size=\"40\" maxlength=\"400\" class=\"wpcf7-form-control wpcf7-text wpcf7-validates-as-required\" aria-required=\"true\" aria-invalid=\"false\" placeholder=\"Name\" value=\"\" type=\"text\" name=\"your-name\" \/><\/span>\n<\/div>\n<div class=\"half-column half-column-right\">\n    <span class=\"wpcf7-form-control-wrap\" data-name=\"your-email\"><input size=\"40\" maxlength=\"400\" class=\"wpcf7-form-control wpcf7-email wpcf7-validates-as-required wpcf7-text wpcf7-validates-as-email\" aria-required=\"true\" aria-invalid=\"false\" placeholder=\"Email address\" value=\"\" type=\"email\" name=\"your-email\" \/><\/span>\n<\/div>  \n<\/div>\n<div class=\"overflow-hidden\">\n<div class=\"half-column half-column-left\">\n    <span class=\"wpcf7-form-control-wrap\" data-name=\"your-subject\"><input size=\"40\" maxlength=\"400\" class=\"wpcf7-form-control wpcf7-text wpcf7-validates-as-required\" aria-required=\"true\" aria-invalid=\"false\" placeholder=\"Subject\" value=\"\" type=\"text\" name=\"your-subject\" \/><\/span>\n<\/div>\n<div class=\"half-column half-column-right\">\n    <span class=\"wpcf7-form-control-wrap\" data-name=\"your-phone\"><input size=\"40\" maxlength=\"400\" class=\"wpcf7-form-control wpcf7-text\" aria-invalid=\"false\" placeholder=\"Phone Number\" value=\"\" type=\"text\" name=\"your-phone\" \/><\/span>\n<\/div>  \n<\/div>\n<span class=\"wpcf7-form-control-wrap\" data-name=\"your-message\"><textarea cols=\"40\" rows=\"10\" maxlength=\"2000\" class=\"wpcf7-form-control wpcf7-textarea\" aria-invalid=\"false\" placeholder=\"Message\" name=\"your-message\"><\/textarea><\/span>\n<p><button type=\"submit\" class=\"wpcf7-submit wpcf7-submit-custom btn btn-filled btn-new ti-arrow-right\">SEND MESSAGE<\/button><\/p>\n<\/div><\/div><p style=\"display: none !important;\" class=\"akismet-fields-container\" data-prefix=\"_wpcf7_ak_\"><label>&#916;<textarea name=\"_wpcf7_ak_hp_textarea\" cols=\"45\" rows=\"8\" maxlength=\"100\"><\/textarea><\/label><input type=\"hidden\" id=\"ak_js_1\" name=\"_wpcf7_ak_js\" value=\"83\"\/><script>document.getElementById( \"ak_js_1\" ).setAttribute( \"value\", ( new Date() ).getTime() );<\/script><\/p><div class=\"wpcf7-response-output\" aria-hidden=\"true\"><\/div>\n<\/form>\n<\/div>\n[vc_column_text]For any question contact our 24\/7 call center: <span class=\"primary-color\">+001 345 6889<\/span>[\/vc_column_text][\/vc_column][\/vc_row]<\/p>\n<\/div>","protected":false},"excerpt":{"rendered":"<p>[vc_row full_width=&#8221;stretch_row&#8221;][vc_column][\/vc_column][\/vc_row][vc_row tlg_background_style=&#8221;bg-secondary&#8221; el_id=&#8221;main&#8221;][vc_column width=&#8221;1\/3&#8243;][\/vc_column][vc_column width=&#8221;1\/3&#8243;][\/vc_column][vc_column width=&#8221;1\/3&#8243;][\/vc_column][\/vc_row][vc_row full_width=&#8221;stretch_row&#8221; tlg_background_style=&#8221;bg-dark&#8221; tlg_enable_overlay=&#8221;yes&#8221; tlg_parallax=&#8221;not-parallax&#8221; el_id=&#8221;contact&#8221; css=&#8221;.vc_custom_1565858274357{background-image: url(http:\/\/demo.themelogi.com\/navian\/wp-content\/uploads_dummy\/2019\/06\/partnerss.jpg?id=8309) !important;}&#8221; tlg_bg_overlay=&#8221;#000000&#8243; tlg_bg_overlay_value=&#8221;8.4&#8243; el_class=&#8221;white-form&#8221;][vc_column width=&#8221;1\/2&#8243; css=&#8221;.vc_custom_1561994135727{padding-top: 0px !important;padding-right: 0px !important;padding-bottom: 0px !important;padding-left: 0px !important;}&#8221;][\/vc_column][vc_column width=&#8221;1\/2&#8243; css=&#8221;.vc_custom_1561999440205{padding-top: 8% !important;padding-right: 19% !important;padding-bottom: 8% !important;padding-left: 10% !important;}&#8221;][vc_column_text]Please complete the form and we&#8217;ll get back to you within 1 \u2013 2 business days. We look&#8230;<\/p>\n","protected":false},"author":1,"featured_media":0,"parent":1951,"menu_order":0,"comment_status":"closed","ping_status":"closed","template":"","meta":{"footnotes":""},"class_list":["post-1963","page","type-page","status-publish","hentry"],"yoast_head":"<!-- This site is optimized with the Yoast SEO plugin v27.4 - https:\/\/yoast.com\/product\/yoast-seo-wordpress\/ -->\n<title>Contact 2 - DOMEK NA GUBA\u0141\u00d3WCE<\/title>\n<meta name=\"robots\" content=\"index, follow, max-snippet:-1, max-image-preview:large, max-video-preview:-1\" \/>\n<link rel=\"canonical\" href=\"https:\/\/domek-gubalowka.pl\/index.php\/pages\/contact-2\/\" \/>\n<meta property=\"og:locale\" content=\"pl_PL\" \/>\n<meta property=\"og:type\" content=\"article\" \/>\n<meta property=\"og:title\" content=\"Contact 2 - DOMEK NA GUBA\u0141\u00d3WCE\" \/>\n<meta property=\"og:description\" content=\"[vc_row full_width=&#8221;stretch_row&#8221;][vc_column][\/vc_column][\/vc_row][vc_row tlg_background_style=&#8221;bg-secondary&#8221; el_id=&#8221;main&#8221;][vc_column width=&#8221;1\/3&#8243;][\/vc_column][vc_column width=&#8221;1\/3&#8243;][\/vc_column][vc_column width=&#8221;1\/3&#8243;][\/vc_column][\/vc_row][vc_row full_width=&#8221;stretch_row&#8221; tlg_background_style=&#8221;bg-dark&#8221; tlg_enable_overlay=&#8221;yes&#8221; tlg_parallax=&#8221;not-parallax&#8221; el_id=&#8221;contact&#8221; css=&#8221;.vc_custom_1565858274357{background-image: url(http:\/\/demo.themelogi.com\/navian\/wp-content\/uploads_dummy\/2019\/06\/partnerss.jpg?id=8309) !important;}&#8221; tlg_bg_overlay=&#8221;#000000&#8243; tlg_bg_overlay_value=&#8221;8.4&#8243; el_class=&#8221;white-form&#8221;][vc_column width=&#8221;1\/2&#8243; css=&#8221;.vc_custom_1561994135727{padding-top: 0px !important;padding-right: 0px !important;padding-bottom: 0px !important;padding-left: 0px !important;}&#8221;][\/vc_column][vc_column width=&#8221;1\/2&#8243; css=&#8221;.vc_custom_1561999440205{padding-top: 8% !important;padding-right: 19% !important;padding-bottom: 8% !important;padding-left: 10% !important;}&#8221;][vc_column_text]Please complete the form and we&#8217;ll get back to you within 1 \u2013 2 business days. We look...\" \/>\n<meta property=\"og:url\" content=\"https:\/\/domek-gubalowka.pl\/index.php\/pages\/contact-2\/\" \/>\n<meta property=\"og:site_name\" content=\"DOMEK NA GUBA\u0141\u00d3WCE\" \/>\n<meta property=\"article:publisher\" content=\"https:\/\/www.facebook.com\/DomeknaGubalowce\/\" \/>\n<meta name=\"twitter:card\" content=\"summary_large_image\" \/>\n<meta name=\"twitter:label1\" content=\"Szacowany czas czytania\" \/>\n\t<meta name=\"twitter:data1\" content=\"2 minuty\" \/>\n<script type=\"application\/ld+json\" class=\"yoast-schema-graph\">{\"@context\":\"https:\\\/\\\/schema.org\",\"@graph\":[{\"@type\":\"WebPage\",\"@id\":\"https:\\\/\\\/domek-gubalowka.pl\\\/index.php\\\/pages\\\/contact-2\\\/\",\"url\":\"https:\\\/\\\/domek-gubalowka.pl\\\/index.php\\\/pages\\\/contact-2\\\/\",\"name\":\"Contact 2 - DOMEK NA GUBA\u0141\u00d3WCE\",\"isPartOf\":{\"@id\":\"https:\\\/\\\/domek-gubalowka.pl\\\/#website\"},\"datePublished\":\"2016-02-22T15:55:25+00:00\",\"breadcrumb\":{\"@id\":\"https:\\\/\\\/domek-gubalowka.pl\\\/index.php\\\/pages\\\/contact-2\\\/#breadcrumb\"},\"inLanguage\":\"pl-PL\",\"potentialAction\":[{\"@type\":\"ReadAction\",\"target\":[\"https:\\\/\\\/domek-gubalowka.pl\\\/index.php\\\/pages\\\/contact-2\\\/\"]}]},{\"@type\":\"BreadcrumbList\",\"@id\":\"https:\\\/\\\/domek-gubalowka.pl\\\/index.php\\\/pages\\\/contact-2\\\/#breadcrumb\",\"itemListElement\":[{\"@type\":\"ListItem\",\"position\":1,\"name\":\"Strona g\u0142\u00f3wna\",\"item\":\"https:\\\/\\\/domek-gubalowka.pl\\\/\"},{\"@type\":\"ListItem\",\"position\":2,\"name\":\"Pages\",\"item\":\"https:\\\/\\\/domek-gubalowka.pl\\\/index.php\\\/pages\\\/\"},{\"@type\":\"ListItem\",\"position\":3,\"name\":\"Contact 2\"}]},{\"@type\":\"WebSite\",\"@id\":\"https:\\\/\\\/domek-gubalowka.pl\\\/#website\",\"url\":\"https:\\\/\\\/domek-gubalowka.pl\\\/\",\"name\":\"DOMEK NA GUBA\u0141\u00d3WCE\",\"description\":\"Domek do wynaj\u0119cia. Najpi\u0119kniejszy widok w Polsce\",\"publisher\":{\"@id\":\"https:\\\/\\\/domek-gubalowka.pl\\\/#organization\"},\"potentialAction\":[{\"@type\":\"SearchAction\",\"target\":{\"@type\":\"EntryPoint\",\"urlTemplate\":\"https:\\\/\\\/domek-gubalowka.pl\\\/?s={search_term_string}\"},\"query-input\":{\"@type\":\"PropertyValueSpecification\",\"valueRequired\":true,\"valueName\":\"search_term_string\"}}],\"inLanguage\":\"pl-PL\"},{\"@type\":\"Organization\",\"@id\":\"https:\\\/\\\/domek-gubalowka.pl\\\/#organization\",\"name\":\"DOMEK NA GUBA\u0141\u00d3WCE\",\"url\":\"https:\\\/\\\/domek-gubalowka.pl\\\/\",\"logo\":{\"@type\":\"ImageObject\",\"inLanguage\":\"pl-PL\",\"@id\":\"https:\\\/\\\/domek-gubalowka.pl\\\/#\\\/schema\\\/logo\\\/image\\\/\",\"url\":\"https:\\\/\\\/domek-gubalowka.pl\\\/wp-content\\\/uploads\\\/2018\\\/06\\\/cropped-logoA.png\",\"contentUrl\":\"https:\\\/\\\/domek-gubalowka.pl\\\/wp-content\\\/uploads\\\/2018\\\/06\\\/cropped-logoA.png\",\"width\":512,\"height\":512,\"caption\":\"DOMEK NA GUBA\u0141\u00d3WCE\"},\"image\":{\"@id\":\"https:\\\/\\\/domek-gubalowka.pl\\\/#\\\/schema\\\/logo\\\/image\\\/\"},\"sameAs\":[\"https:\\\/\\\/www.facebook.com\\\/DomeknaGubalowce\\\/\"]}]}<\/script>\n<!-- \/ Yoast SEO plugin. -->","yoast_head_json":{"title":"Contact 2 - DOMEK NA GUBA\u0141\u00d3WCE","robots":{"index":"index","follow":"follow","max-snippet":"max-snippet:-1","max-image-preview":"max-image-preview:large","max-video-preview":"max-video-preview:-1"},"canonical":"https:\/\/domek-gubalowka.pl\/index.php\/pages\/contact-2\/","og_locale":"pl_PL","og_type":"article","og_title":"Contact 2 - DOMEK NA GUBA\u0141\u00d3WCE","og_description":"[vc_row full_width=&#8221;stretch_row&#8221;][vc_column][\/vc_column][\/vc_row][vc_row tlg_background_style=&#8221;bg-secondary&#8221; el_id=&#8221;main&#8221;][vc_column width=&#8221;1\/3&#8243;][\/vc_column][vc_column width=&#8221;1\/3&#8243;][\/vc_column][vc_column width=&#8221;1\/3&#8243;][\/vc_column][\/vc_row][vc_row full_width=&#8221;stretch_row&#8221; tlg_background_style=&#8221;bg-dark&#8221; tlg_enable_overlay=&#8221;yes&#8221; tlg_parallax=&#8221;not-parallax&#8221; el_id=&#8221;contact&#8221; css=&#8221;.vc_custom_1565858274357{background-image: url(http:\/\/demo.themelogi.com\/navian\/wp-content\/uploads_dummy\/2019\/06\/partnerss.jpg?id=8309) !important;}&#8221; tlg_bg_overlay=&#8221;#000000&#8243; tlg_bg_overlay_value=&#8221;8.4&#8243; el_class=&#8221;white-form&#8221;][vc_column width=&#8221;1\/2&#8243; css=&#8221;.vc_custom_1561994135727{padding-top: 0px !important;padding-right: 0px !important;padding-bottom: 0px !important;padding-left: 0px !important;}&#8221;][\/vc_column][vc_column width=&#8221;1\/2&#8243; css=&#8221;.vc_custom_1561999440205{padding-top: 8% !important;padding-right: 19% !important;padding-bottom: 8% !important;padding-left: 10% !important;}&#8221;][vc_column_text]Please complete the form and we&#8217;ll get back to you within 1 \u2013 2 business days. We look...","og_url":"https:\/\/domek-gubalowka.pl\/index.php\/pages\/contact-2\/","og_site_name":"DOMEK NA GUBA\u0141\u00d3WCE","article_publisher":"https:\/\/www.facebook.com\/DomeknaGubalowce\/","twitter_card":"summary_large_image","twitter_misc":{"Szacowany czas czytania":"2 minuty"},"schema":{"@context":"https:\/\/schema.org","@graph":[{"@type":"WebPage","@id":"https:\/\/domek-gubalowka.pl\/index.php\/pages\/contact-2\/","url":"https:\/\/domek-gubalowka.pl\/index.php\/pages\/contact-2\/","name":"Contact 2 - DOMEK NA GUBA\u0141\u00d3WCE","isPartOf":{"@id":"https:\/\/domek-gubalowka.pl\/#website"},"datePublished":"2016-02-22T15:55:25+00:00","breadcrumb":{"@id":"https:\/\/domek-gubalowka.pl\/index.php\/pages\/contact-2\/#breadcrumb"},"inLanguage":"pl-PL","potentialAction":[{"@type":"ReadAction","target":["https:\/\/domek-gubalowka.pl\/index.php\/pages\/contact-2\/"]}]},{"@type":"BreadcrumbList","@id":"https:\/\/domek-gubalowka.pl\/index.php\/pages\/contact-2\/#breadcrumb","itemListElement":[{"@type":"ListItem","position":1,"name":"Strona g\u0142\u00f3wna","item":"https:\/\/domek-gubalowka.pl\/"},{"@type":"ListItem","position":2,"name":"Pages","item":"https:\/\/domek-gubalowka.pl\/index.php\/pages\/"},{"@type":"ListItem","position":3,"name":"Contact 2"}]},{"@type":"WebSite","@id":"https:\/\/domek-gubalowka.pl\/#website","url":"https:\/\/domek-gubalowka.pl\/","name":"DOMEK NA GUBA\u0141\u00d3WCE","description":"Domek do wynaj\u0119cia. Najpi\u0119kniejszy widok w Polsce","publisher":{"@id":"https:\/\/domek-gubalowka.pl\/#organization"},"potentialAction":[{"@type":"SearchAction","target":{"@type":"EntryPoint","urlTemplate":"https:\/\/domek-gubalowka.pl\/?s={search_term_string}"},"query-input":{"@type":"PropertyValueSpecification","valueRequired":true,"valueName":"search_term_string"}}],"inLanguage":"pl-PL"},{"@type":"Organization","@id":"https:\/\/domek-gubalowka.pl\/#organization","name":"DOMEK NA GUBA\u0141\u00d3WCE","url":"https:\/\/domek-gubalowka.pl\/","logo":{"@type":"ImageObject","inLanguage":"pl-PL","@id":"https:\/\/domek-gubalowka.pl\/#\/schema\/logo\/image\/","url":"https:\/\/domek-gubalowka.pl\/wp-content\/uploads\/2018\/06\/cropped-logoA.png","contentUrl":"https:\/\/domek-gubalowka.pl\/wp-content\/uploads\/2018\/06\/cropped-logoA.png","width":512,"height":512,"caption":"DOMEK NA GUBA\u0141\u00d3WCE"},"image":{"@id":"https:\/\/domek-gubalowka.pl\/#\/schema\/logo\/image\/"},"sameAs":["https:\/\/www.facebook.com\/DomeknaGubalowce\/"]}]}},"_links":{"self":[{"href":"https:\/\/domek-gubalowka.pl\/index.php\/wp-json\/wp\/v2\/pages\/1963","targetHints":{"allow":["GET"]}}],"collection":[{"href":"https:\/\/domek-gubalowka.pl\/index.php\/wp-json\/wp\/v2\/pages"}],"about":[{"href":"https:\/\/domek-gubalowka.pl\/index.php\/wp-json\/wp\/v2\/types\/page"}],"author":[{"embeddable":true,"href":"https:\/\/domek-gubalowka.pl\/index.php\/wp-json\/wp\/v2\/users\/1"}],"replies":[{"embeddable":true,"href":"https:\/\/domek-gubalowka.pl\/index.php\/wp-json\/wp\/v2\/comments?post=1963"}],"version-history":[{"count":0,"href":"https:\/\/domek-gubalowka.pl\/index.php\/wp-json\/wp\/v2\/pages\/1963\/revisions"}],"up":[{"embeddable":true,"href":"https:\/\/domek-gubalowka.pl\/index.php\/wp-json\/wp\/v2\/pages\/1951"}],"wp:attachment":[{"href":"https:\/\/domek-gubalowka.pl\/index.php\/wp-json\/wp\/v2\/media?parent=1963"}],"curies":[{"name":"wp","href":"https:\/\/api.w.org\/{rel}","templated":true}]}}