{"id":1843,"date":"2016-02-21T10:26:41","date_gmt":"2016-02-21T10:26:41","guid":{"rendered":"http:\/\/demo.themelogi.com\/navian\/?page_id=1843"},"modified":"2016-02-21T10:26:41","modified_gmt":"2016-02-21T10:26:41","slug":"portfolios","status":"publish","type":"page","link":"https:\/\/domek-gubalowka.pl\/index.php\/portfolios\/","title":{"rendered":"Portfolios"},"content":{"rendered":"<div class=\"wpb-content-wrapper\"><p>[vc_row full_width=&#8221;stretch_row&#8221; tlg_padding=&#8221;pt0 pb0&#8243;][vc_column]<section class=\"projects pt0 pb0 pr-32 pl-32 p0-xs\"><div class=\"line-height-1\"><ul class=\"filters  pt40 pb40 mb0\" data-project-id=\"project-69f289abe8c6e\">\n\t\t    \t\t<li class=\"filter active\" data-group=\"*\"><a href=\"#\">All<\/a><\/li><li class=\"filter\" data-group=\".fa6b84b13ce63b1f620cbf5a776fa76f\"><a href=\"#\">Branding<\/a><\/li><li class=\"filter\" data-group=\".f0095e685e006e0dec3c47c5e42e5209\"><a href=\"#\">Mockup<\/a><\/li><li class=\"filter\" data-group=\".977b3caa33e1c06c8deb00a99882793f\"><a href=\"#\">Motion Graphic<\/a><\/li><\/ul><\/div><div class=\"row masonry-loader\">\n    <div class=\"col-sm-12 text-center\">\n        <div class=\"spinner\"><\/div>\n    <\/div>\n<\/div><div id=\"project-69f289abe8c6e\" class=\"row  masonry m0 masonry-show project-content project-full\">\n\t\t\t    \t\t\t\t<div class=\"grid-sizer col-sm-3\"><\/div><div class=\"col-md-3 col-sm-6 masonry-item project project-padding \">\n    <a class=\"\" href=\"https:\/\/domek-gubalowka.pl\/index.php\/portfolio\/galeria-2\/\">        <div class=\"image-box hover-meta radius-all\">\n                        <span class=\"overlay-default\"><\/span>\n            <span class=\"plus-icon\"><\/span>\n            <div class=\"meta-caption overlay-smaller radius-all\">\n                <h4 class=\"color-white to-top mt0 mb0\">GaleriaDomek<\/h4>\n                <h5 class=\"color-white to-top-after\"><\/h5>\n            <\/div>\n        <\/div>\n    <\/a><\/div><div class=\"col-md-3 col-sm-6 masonry-item project project-padding \">\n    <a class=\"\" href=\"https:\/\/domek-gubalowka.pl\/index.php\/portfolio\/galeria1\/\">        <div class=\"image-box hover-meta radius-all\">\n                        <span class=\"overlay-default\"><\/span>\n            <span class=\"plus-icon\"><\/span>\n            <div class=\"meta-caption overlay-smaller radius-all\">\n                <h4 class=\"color-white to-top mt0 mb0\">Galeria1<\/h4>\n                <h5 class=\"color-white to-top-after\"><\/h5>\n            <\/div>\n        <\/div>\n    <\/a><\/div><div class=\"col-md-3 col-sm-6 masonry-item project project-padding \">\n    <a class=\"\" href=\"https:\/\/domek-gubalowka.pl\/index.php\/portfolio\/galeria\/\">        <div class=\"image-box hover-meta radius-all\">\n                        <span class=\"overlay-default\"><\/span>\n            <span class=\"plus-icon\"><\/span>\n            <div class=\"meta-caption overlay-smaller radius-all\">\n                <h4 class=\"color-white to-top mt0 mb0\">Galeria<\/h4>\n                <h5 class=\"color-white to-top-after\"><\/h5>\n            <\/div>\n        <\/div>\n    <\/a><\/div><div class=\"col-md-3 col-sm-6 masonry-item project project-padding 977b3caa33e1c06c8deb00a99882793f\">\n    <a class=\"\" href=\"https:\/\/domek-gubalowka.pl\/index.php\/portfolio\/jump-rope\/\">        <div class=\"image-box hover-meta radius-all\">\n                        <span class=\"overlay-default\"><\/span>\n            <span class=\"plus-icon\"><\/span>\n            <div class=\"meta-caption overlay-smaller radius-all\">\n                <h4 class=\"color-white to-top mt0 mb0\">Jump Rope<\/h4>\n                <h5 class=\"color-white to-top-after\">Motion Graphic<\/h5>\n            <\/div>\n        <\/div>\n    <\/a><\/div><div class=\"col-md-3 col-sm-6 masonry-item project project-padding fa6b84b13ce63b1f620cbf5a776fa76f f0095e685e006e0dec3c47c5e42e5209\">\n    <a class=\"\" href=\"https:\/\/domek-gubalowka.pl\/index.php\/portfolio\/nord-wood\/\">        <div class=\"image-box hover-meta radius-all\">\n                        <span class=\"overlay-default\"><\/span>\n            <span class=\"plus-icon\"><\/span>\n            <div class=\"meta-caption overlay-smaller radius-all\">\n                <h4 class=\"color-white to-top mt0 mb0\">Nord Wood<\/h4>\n                <h5 class=\"color-white to-top-after\">Branding \/ Mockup<\/h5>\n            <\/div>\n        <\/div>\n    <\/a><\/div><div class=\"col-md-3 col-sm-6 masonry-item project project-padding f0095e685e006e0dec3c47c5e42e5209\">\n    <a class=\"\" href=\"https:\/\/domek-gubalowka.pl\/index.php\/portfolio\/hanging-wall-sign\/\">        <div class=\"image-box hover-meta radius-all\">\n                        <span class=\"overlay-default\"><\/span>\n            <span class=\"plus-icon\"><\/span>\n            <div class=\"meta-caption overlay-smaller radius-all\">\n                <h4 class=\"color-white to-top mt0 mb0\">Hanging Wall Sign<\/h4>\n                <h5 class=\"color-white to-top-after\">Mockup<\/h5>\n            <\/div>\n        <\/div>\n    <\/a><\/div><div class=\"col-md-3 col-sm-6 masonry-item project project-padding fa6b84b13ce63b1f620cbf5a776fa76f f0095e685e006e0dec3c47c5e42e5209\">\n    <a class=\"\" href=\"https:\/\/domek-gubalowka.pl\/index.php\/portfolio\/retro-woman\/\">        <div class=\"image-box hover-meta radius-all\">\n                        <span class=\"overlay-default\"><\/span>\n            <span class=\"plus-icon\"><\/span>\n            <div class=\"meta-caption overlay-smaller radius-all\">\n                <h4 class=\"color-white to-top mt0 mb0\">Retro Woman<\/h4>\n                <h5 class=\"color-white to-top-after\">Branding \/ Mockup<\/h5>\n            <\/div>\n        <\/div>\n    <\/a><\/div><div class=\"col-md-3 col-sm-6 masonry-item project project-padding fa6b84b13ce63b1f620cbf5a776fa76f 977b3caa33e1c06c8deb00a99882793f\">\n    <a class=\"\" href=\"https:\/\/domek-gubalowka.pl\/index.php\/portfolio\/wall-sign-bardo\/\">        <div class=\"image-box hover-meta radius-all\">\n                        <span class=\"overlay-default\"><\/span>\n            <span class=\"plus-icon\"><\/span>\n            <div class=\"meta-caption overlay-smaller radius-all\">\n                <h4 class=\"color-white to-top mt0 mb0\">Wall Sign Bardo<\/h4>\n                <h5 class=\"color-white to-top-after\">Branding \/ Motion Graphic<\/h5>\n            <\/div>\n        <\/div>\n    <\/a><\/div><div class=\"col-md-3 col-sm-6 masonry-item project project-padding fa6b84b13ce63b1f620cbf5a776fa76f 977b3caa33e1c06c8deb00a99882793f\">\n    <a class=\"\" href=\"https:\/\/domek-gubalowka.pl\/index.php\/portfolio\/cosmetics-package\/\">        <div class=\"image-box hover-meta radius-all\">\n                        <span class=\"overlay-default\"><\/span>\n            <span class=\"plus-icon\"><\/span>\n            <div class=\"meta-caption overlay-smaller radius-all\">\n                <h4 class=\"color-white to-top mt0 mb0\">Cosmetics Package<\/h4>\n                <h5 class=\"color-white to-top-after\">Branding \/ Motion Graphic<\/h5>\n            <\/div>\n        <\/div>\n    <\/a><\/div><div class=\"col-md-3 col-sm-6 masonry-item project project-padding f0095e685e006e0dec3c47c5e42e5209 977b3caa33e1c06c8deb00a99882793f\">\n    <a class=\"\" href=\"https:\/\/domek-gubalowka.pl\/index.php\/portfolio\/cardboard-box\/\">        <div class=\"image-box hover-meta radius-all\">\n                        <span class=\"overlay-default\"><\/span>\n            <span class=\"plus-icon\"><\/span>\n            <div class=\"meta-caption overlay-smaller radius-all\">\n                <h4 class=\"color-white to-top mt0 mb0\">Cardboard Box<\/h4>\n                <h5 class=\"color-white to-top-after\">Mockup \/ Motion Graphic<\/h5>\n            <\/div>\n        <\/div>\n    <\/a><\/div><div class=\"col-md-3 col-sm-6 masonry-item project project-padding fa6b84b13ce63b1f620cbf5a776fa76f f0095e685e006e0dec3c47c5e42e5209\">\n    <a class=\"\" href=\"https:\/\/domek-gubalowka.pl\/index.php\/portfolio\/card-packaging\/\">        <div class=\"image-box hover-meta radius-all\">\n                        <span class=\"overlay-default\"><\/span>\n            <span class=\"plus-icon\"><\/span>\n            <div class=\"meta-caption overlay-smaller radius-all\">\n                <h4 class=\"color-white to-top mt0 mb0\">Card Packaging<\/h4>\n                <h5 class=\"color-white to-top-after\">Branding \/ Mockup<\/h5>\n            <\/div>\n        <\/div>\n    <\/a><\/div><div class=\"col-md-3 col-sm-6 masonry-item project project-padding 977b3caa33e1c06c8deb00a99882793f\">\n    <a class=\"\" href=\"https:\/\/domek-gubalowka.pl\/index.php\/portfolio\/label-tag\/\">        <div class=\"image-box hover-meta radius-all\">\n                        <span class=\"overlay-default\"><\/span>\n            <span class=\"plus-icon\"><\/span>\n            <div class=\"meta-caption overlay-smaller radius-all\">\n                <h4 class=\"color-white to-top mt0 mb0\">Label Tag<\/h4>\n                <h5 class=\"color-white to-top-after\">Motion Graphic<\/h5>\n            <\/div>\n        <\/div>\n    <\/a><\/div><\/div><\/section>[\/vc_column][\/vc_row]<\/p>\n<\/div>","protected":false},"excerpt":{"rendered":"<p>[vc_row full_width=&#8221;stretch_row&#8221; tlg_padding=&#8221;pt0 pb0&#8243;][vc_column][\/vc_column][\/vc_row]<\/p>\n","protected":false},"author":1,"featured_media":0,"parent":0,"menu_order":0,"comment_status":"closed","ping_status":"closed","template":"","meta":{"footnotes":""},"class_list":["post-1843","page","type-page","status-publish","hentry"],"yoast_head":"<!-- This site is optimized with the Yoast SEO plugin v27.5 - https:\/\/yoast.com\/product\/yoast-seo-wordpress\/ -->\n<title>Portfolios - DOMEK NA GUBA\u0141\u00d3WCE<\/title>\n<meta name=\"robots\" content=\"index, follow, max-snippet:-1, max-image-preview:large, max-video-preview:-1\" \/>\n<link rel=\"canonical\" href=\"https:\/\/domek-gubalowka.pl\/index.php\/portfolios\/\" \/>\n<meta property=\"og:locale\" content=\"pl_PL\" \/>\n<meta property=\"og:type\" content=\"article\" \/>\n<meta property=\"og:title\" content=\"Portfolios - DOMEK NA GUBA\u0141\u00d3WCE\" \/>\n<meta property=\"og:description\" content=\"[vc_row full_width=&#8221;stretch_row&#8221; tlg_padding=&#8221;pt0 pb0&#8243;][vc_column][\/vc_column][\/vc_row]\" \/>\n<meta property=\"og:url\" content=\"https:\/\/domek-gubalowka.pl\/index.php\/portfolios\/\" \/>\n<meta property=\"og:site_name\" content=\"DOMEK NA GUBA\u0141\u00d3WCE\" \/>\n<meta property=\"article:publisher\" content=\"https:\/\/www.facebook.com\/DomeknaGubalowce\/\" \/>\n<meta name=\"twitter:card\" content=\"summary_large_image\" \/>\n<script type=\"application\/ld+json\" class=\"yoast-schema-graph\">{\"@context\":\"https:\\\/\\\/schema.org\",\"@graph\":[{\"@type\":\"WebPage\",\"@id\":\"https:\\\/\\\/domek-gubalowka.pl\\\/index.php\\\/portfolios\\\/\",\"url\":\"https:\\\/\\\/domek-gubalowka.pl\\\/index.php\\\/portfolios\\\/\",\"name\":\"Portfolios - DOMEK NA GUBA\u0141\u00d3WCE\",\"isPartOf\":{\"@id\":\"https:\\\/\\\/domek-gubalowka.pl\\\/#website\"},\"datePublished\":\"2016-02-21T10:26:41+00:00\",\"breadcrumb\":{\"@id\":\"https:\\\/\\\/domek-gubalowka.pl\\\/index.php\\\/portfolios\\\/#breadcrumb\"},\"inLanguage\":\"pl-PL\",\"potentialAction\":[{\"@type\":\"ReadAction\",\"target\":[\"https:\\\/\\\/domek-gubalowka.pl\\\/index.php\\\/portfolios\\\/\"]}]},{\"@type\":\"BreadcrumbList\",\"@id\":\"https:\\\/\\\/domek-gubalowka.pl\\\/index.php\\\/portfolios\\\/#breadcrumb\",\"itemListElement\":[{\"@type\":\"ListItem\",\"position\":1,\"name\":\"Strona g\u0142\u00f3wna\",\"item\":\"https:\\\/\\\/domek-gubalowka.pl\\\/\"},{\"@type\":\"ListItem\",\"position\":2,\"name\":\"Portfolios\"}]},{\"@type\":\"WebSite\",\"@id\":\"https:\\\/\\\/domek-gubalowka.pl\\\/#website\",\"url\":\"https:\\\/\\\/domek-gubalowka.pl\\\/\",\"name\":\"DOMEK NA GUBA\u0141\u00d3WCE\",\"description\":\"Domek do wynaj\u0119cia. Najpi\u0119kniejszy widok w Polsce\",\"publisher\":{\"@id\":\"https:\\\/\\\/domek-gubalowka.pl\\\/#organization\"},\"potentialAction\":[{\"@type\":\"SearchAction\",\"target\":{\"@type\":\"EntryPoint\",\"urlTemplate\":\"https:\\\/\\\/domek-gubalowka.pl\\\/?s={search_term_string}\"},\"query-input\":{\"@type\":\"PropertyValueSpecification\",\"valueRequired\":true,\"valueName\":\"search_term_string\"}}],\"inLanguage\":\"pl-PL\"},{\"@type\":\"Organization\",\"@id\":\"https:\\\/\\\/domek-gubalowka.pl\\\/#organization\",\"name\":\"DOMEK NA GUBA\u0141\u00d3WCE\",\"url\":\"https:\\\/\\\/domek-gubalowka.pl\\\/\",\"logo\":{\"@type\":\"ImageObject\",\"inLanguage\":\"pl-PL\",\"@id\":\"https:\\\/\\\/domek-gubalowka.pl\\\/#\\\/schema\\\/logo\\\/image\\\/\",\"url\":\"https:\\\/\\\/domek-gubalowka.pl\\\/wp-content\\\/uploads\\\/2018\\\/06\\\/cropped-logoA.png\",\"contentUrl\":\"https:\\\/\\\/domek-gubalowka.pl\\\/wp-content\\\/uploads\\\/2018\\\/06\\\/cropped-logoA.png\",\"width\":512,\"height\":512,\"caption\":\"DOMEK NA GUBA\u0141\u00d3WCE\"},\"image\":{\"@id\":\"https:\\\/\\\/domek-gubalowka.pl\\\/#\\\/schema\\\/logo\\\/image\\\/\"},\"sameAs\":[\"https:\\\/\\\/www.facebook.com\\\/DomeknaGubalowce\\\/\"]}]}<\/script>\n<!-- \/ Yoast SEO plugin. -->","yoast_head_json":{"title":"Portfolios - DOMEK NA GUBA\u0141\u00d3WCE","robots":{"index":"index","follow":"follow","max-snippet":"max-snippet:-1","max-image-preview":"max-image-preview:large","max-video-preview":"max-video-preview:-1"},"canonical":"https:\/\/domek-gubalowka.pl\/index.php\/portfolios\/","og_locale":"pl_PL","og_type":"article","og_title":"Portfolios - DOMEK NA GUBA\u0141\u00d3WCE","og_description":"[vc_row full_width=&#8221;stretch_row&#8221; tlg_padding=&#8221;pt0 pb0&#8243;][vc_column][\/vc_column][\/vc_row]","og_url":"https:\/\/domek-gubalowka.pl\/index.php\/portfolios\/","og_site_name":"DOMEK NA GUBA\u0141\u00d3WCE","article_publisher":"https:\/\/www.facebook.com\/DomeknaGubalowce\/","twitter_card":"summary_large_image","schema":{"@context":"https:\/\/schema.org","@graph":[{"@type":"WebPage","@id":"https:\/\/domek-gubalowka.pl\/index.php\/portfolios\/","url":"https:\/\/domek-gubalowka.pl\/index.php\/portfolios\/","name":"Portfolios - DOMEK NA GUBA\u0141\u00d3WCE","isPartOf":{"@id":"https:\/\/domek-gubalowka.pl\/#website"},"datePublished":"2016-02-21T10:26:41+00:00","breadcrumb":{"@id":"https:\/\/domek-gubalowka.pl\/index.php\/portfolios\/#breadcrumb"},"inLanguage":"pl-PL","potentialAction":[{"@type":"ReadAction","target":["https:\/\/domek-gubalowka.pl\/index.php\/portfolios\/"]}]},{"@type":"BreadcrumbList","@id":"https:\/\/domek-gubalowka.pl\/index.php\/portfolios\/#breadcrumb","itemListElement":[{"@type":"ListItem","position":1,"name":"Strona g\u0142\u00f3wna","item":"https:\/\/domek-gubalowka.pl\/"},{"@type":"ListItem","position":2,"name":"Portfolios"}]},{"@type":"WebSite","@id":"https:\/\/domek-gubalowka.pl\/#website","url":"https:\/\/domek-gubalowka.pl\/","name":"DOMEK NA GUBA\u0141\u00d3WCE","description":"Domek do wynaj\u0119cia. Najpi\u0119kniejszy widok w Polsce","publisher":{"@id":"https:\/\/domek-gubalowka.pl\/#organization"},"potentialAction":[{"@type":"SearchAction","target":{"@type":"EntryPoint","urlTemplate":"https:\/\/domek-gubalowka.pl\/?s={search_term_string}"},"query-input":{"@type":"PropertyValueSpecification","valueRequired":true,"valueName":"search_term_string"}}],"inLanguage":"pl-PL"},{"@type":"Organization","@id":"https:\/\/domek-gubalowka.pl\/#organization","name":"DOMEK NA GUBA\u0141\u00d3WCE","url":"https:\/\/domek-gubalowka.pl\/","logo":{"@type":"ImageObject","inLanguage":"pl-PL","@id":"https:\/\/domek-gubalowka.pl\/#\/schema\/logo\/image\/","url":"https:\/\/domek-gubalowka.pl\/wp-content\/uploads\/2018\/06\/cropped-logoA.png","contentUrl":"https:\/\/domek-gubalowka.pl\/wp-content\/uploads\/2018\/06\/cropped-logoA.png","width":512,"height":512,"caption":"DOMEK NA GUBA\u0141\u00d3WCE"},"image":{"@id":"https:\/\/domek-gubalowka.pl\/#\/schema\/logo\/image\/"},"sameAs":["https:\/\/www.facebook.com\/DomeknaGubalowce\/"]}]}},"_links":{"self":[{"href":"https:\/\/domek-gubalowka.pl\/index.php\/wp-json\/wp\/v2\/pages\/1843","targetHints":{"allow":["GET"]}}],"collection":[{"href":"https:\/\/domek-gubalowka.pl\/index.php\/wp-json\/wp\/v2\/pages"}],"about":[{"href":"https:\/\/domek-gubalowka.pl\/index.php\/wp-json\/wp\/v2\/types\/page"}],"author":[{"embeddable":true,"href":"https:\/\/domek-gubalowka.pl\/index.php\/wp-json\/wp\/v2\/users\/1"}],"replies":[{"embeddable":true,"href":"https:\/\/domek-gubalowka.pl\/index.php\/wp-json\/wp\/v2\/comments?post=1843"}],"version-history":[{"count":0,"href":"https:\/\/domek-gubalowka.pl\/index.php\/wp-json\/wp\/v2\/pages\/1843\/revisions"}],"wp:attachment":[{"href":"https:\/\/domek-gubalowka.pl\/index.php\/wp-json\/wp\/v2\/media?parent=1843"}],"curies":[{"name":"wp","href":"https:\/\/api.w.org\/{rel}","templated":true}]}}