{"id":1833,"date":"2016-02-20T06:44:06","date_gmt":"2016-02-20T06:44:06","guid":{"rendered":"http:\/\/demo.themelogi.com\/navian\/?page_id=1833"},"modified":"2016-02-20T06:44:06","modified_gmt":"2016-02-20T06:44:06","slug":"grid-2-columns","status":"publish","type":"page","link":"https:\/\/domek-gubalowka.pl\/index.php\/blog\/grid-2-columns\/","title":{"rendered":"2 Columns Classic"},"content":{"rendered":"<div class=\"wpb-content-wrapper\"><p>[vc_row tlg_large_container=&#8221;small-container&#8221;][vc_column]<div class=\" \"><div class=\"row grid-blog\"><div class=\"col-sm-6 col-xs-12 mb32 mb-xs-24\">\r\n    <div class=\"boxed-intro blog-boxed overflow-hidden zoom-hover icon-hover\">\r\n            <div class=\"intro-content\">\r\n            <a href=\"https:\/\/domek-gubalowka.pl\/index.php\/2018\/10\/29\/business-plan-template-for-startup-business\/\">\r\n                <h5 class=\"widgettitle dark-hover\">Business plan template for startup business<\/h5>            <\/a>\r\n            <div class=\"blog-boxed-content\"><p>Stars they&#8217;re divide called in own fourth, light. Void beast won&#8217;t two...<\/p><\/div>\r\n            <div class=\"entry-foot\">\r\n                <span class=\"read-more\"><a href=\"https:\/\/domek-gubalowka.pl\/index.php\/2018\/10\/29\/business-plan-template-for-startup-business\/\">Read more<\/a><\/span>\r\n            <\/div>\r\n        <\/div>\r\n        <div class=\"entry-meta overflow-hidden\">\r\n            <div class=\"float-left entry-date\">\r\n                <span><i class=\"ti-time\"><\/i>29 pa\u017adziernika, 2018<\/span>\r\n            <\/div>\r\n                            <span class=\"inline-block float-right post-action p0\">\r\n                \t        <span class=\"tlg-likes-button static-icon inline-block tlg-likes-normal\">\n\t        \t<a href=\"#\" class=\"tlg-likes\" id=\"tlg-likes-8457\" title=\"\">\n\t        \t\t<i class=\"ti-heart\"><\/i><span class=\"like-share-name\">0<span> like<\/span><\/span>\t        \t<\/a>\n\t        <\/span>\n\t                        <\/span>\r\n                                        <span class=\"inline-block float-right post-action\">\r\n                    <span class=\"comments-link\"><a href=\"https:\/\/domek-gubalowka.pl\/index.php\/2018\/10\/29\/business-plan-template-for-startup-business\/#comments\"><i class=\"ti-comment\"><\/i>4<\/a><\/span>\r\n                <\/span>\r\n                    <\/div>\r\n        <\/div><\/div><div class=\"col-sm-6 col-xs-12 mb32 mb-xs-24\">\r\n    <div class=\"boxed-intro blog-boxed overflow-hidden zoom-hover icon-hover\">\r\n            <div class=\"intro-content\">\r\n            <a href=\"https:\/\/domek-gubalowka.pl\/index.php\/2018\/10\/02\/writing-your-business-plan-is-a-good-one\/\">\r\n                <h5 class=\"widgettitle dark-hover\">Writing your business plan is a good one<\/h5>            <\/a>\r\n            <div class=\"blog-boxed-content\"><p>Stars they&#8217;re divide called in own fourth, light. Void beast won&#8217;t two...<\/p><\/div>\r\n            <div class=\"entry-foot\">\r\n                <span class=\"read-more\"><a href=\"https:\/\/domek-gubalowka.pl\/index.php\/2018\/10\/02\/writing-your-business-plan-is-a-good-one\/\">Read more<\/a><\/span>\r\n            <\/div>\r\n        <\/div>\r\n        <div class=\"entry-meta overflow-hidden\">\r\n            <div class=\"float-left entry-date\">\r\n                <span><i class=\"ti-time\"><\/i>2 pa\u017adziernika, 2018<\/span>\r\n            <\/div>\r\n                            <span class=\"inline-block float-right post-action p0\">\r\n                \t        <span class=\"tlg-likes-button static-icon inline-block tlg-likes-normal\">\n\t        \t<a href=\"#\" class=\"tlg-likes\" id=\"tlg-likes-358\" title=\"\">\n\t        \t\t<i class=\"ti-heart\"><\/i><span class=\"like-share-name\">0<span> like<\/span><\/span>\t        \t<\/a>\n\t        <\/span>\n\t                        <\/span>\r\n                                        <span class=\"inline-block float-right post-action\">\r\n                    <span class=\"comments-link\"><a href=\"https:\/\/domek-gubalowka.pl\/index.php\/2018\/10\/02\/writing-your-business-plan-is-a-good-one\/#comments\"><i class=\"ti-comment\"><\/i>1<\/a><\/span>\r\n                <\/span>\r\n                    <\/div>\r\n        <\/div><\/div><\/div><div class=\"row grid-blog\"><div class=\"col-sm-6 col-xs-12 mb32 mb-xs-24\">\r\n    <div class=\"boxed-intro blog-boxed overflow-hidden zoom-hover icon-hover\">\r\n            <div class=\"intro-content\">\r\n            <a href=\"https:\/\/domek-gubalowka.pl\/index.php\/2018\/09\/02\/a-pre-meeting-plan-can-help-your-business\/\">\r\n                <h5 class=\"widgettitle dark-hover\">A pre meeting plan can help your business<\/h5>            <\/a>\r\n            <div class=\"blog-boxed-content\"><p>Stars they&#8217;re divide called in own fourth, light. Void beast won&#8217;t two...<\/p><\/div>\r\n            <div class=\"entry-foot\">\r\n                <span class=\"read-more\"><a href=\"https:\/\/domek-gubalowka.pl\/index.php\/2018\/09\/02\/a-pre-meeting-plan-can-help-your-business\/\">Read more<\/a><\/span>\r\n            <\/div>\r\n        <\/div>\r\n        <div class=\"entry-meta overflow-hidden\">\r\n            <div class=\"float-left entry-date\">\r\n                <span><i class=\"ti-time\"><\/i>2 wrze\u015bnia, 2018<\/span>\r\n            <\/div>\r\n                            <span class=\"inline-block float-right post-action p0\">\r\n                \t        <span class=\"tlg-likes-button static-icon inline-block tlg-likes-normal\">\n\t        \t<a href=\"#\" class=\"tlg-likes\" id=\"tlg-likes-555\" title=\"\">\n\t        \t\t<i class=\"ti-heart\"><\/i><span class=\"like-share-name\">0<span> like<\/span><\/span>\t        \t<\/a>\n\t        <\/span>\n\t                        <\/span>\r\n                                        <span class=\"inline-block float-right post-action\">\r\n                    <span class=\"comments-link\"><a href=\"https:\/\/domek-gubalowka.pl\/index.php\/2018\/09\/02\/a-pre-meeting-plan-can-help-your-business\/#respond\"><i class=\"ti-comment\"><\/i>0<\/a><\/span>\r\n                <\/span>\r\n                    <\/div>\r\n        <\/div><\/div><div class=\"col-sm-6 col-xs-12 mb32 mb-xs-24\">\r\n    <div class=\"boxed-intro blog-boxed overflow-hidden zoom-hover icon-hover\">\r\n            <div class=\"intro-content\">\r\n            <a href=\"https:\/\/domek-gubalowka.pl\/index.php\/2018\/08\/08\/chances-of-starting-a-successful-business\/\">\r\n                <h5 class=\"widgettitle dark-hover\">Chances of starting a successful business<\/h5>            <\/a>\r\n            <div class=\"blog-boxed-content\"><p>Stars they&#8217;re divide called in own fourth, light. Void beast won&#8217;t two...<\/p><\/div>\r\n            <div class=\"entry-foot\">\r\n                <span class=\"read-more\"><a href=\"https:\/\/domek-gubalowka.pl\/index.php\/2018\/08\/08\/chances-of-starting-a-successful-business\/\">Read more<\/a><\/span>\r\n            <\/div>\r\n        <\/div>\r\n        <div class=\"entry-meta overflow-hidden\">\r\n            <div class=\"float-left entry-date\">\r\n                <span><i class=\"ti-time\"><\/i>8 sierpnia, 2018<\/span>\r\n            <\/div>\r\n                            <span class=\"inline-block float-right post-action p0\">\r\n                \t        <span class=\"tlg-likes-button static-icon inline-block tlg-likes-normal\">\n\t        \t<a href=\"#\" class=\"tlg-likes\" id=\"tlg-likes-1163\" title=\"\">\n\t        \t\t<i class=\"ti-heart\"><\/i><span class=\"like-share-name\">0<span> like<\/span><\/span>\t        \t<\/a>\n\t        <\/span>\n\t                        <\/span>\r\n                                        <span class=\"inline-block float-right post-action\">\r\n                    <span class=\"comments-link\"><a href=\"https:\/\/domek-gubalowka.pl\/index.php\/2018\/08\/08\/chances-of-starting-a-successful-business\/#respond\"><i class=\"ti-comment\"><\/i>0<\/a><\/span>\r\n                <\/span>\r\n                    <\/div>\r\n        <\/div><\/div><\/div><\/div><div class='text-center mt40'><ul class='pagination'><li class='active'><a href='https:\/\/domek-gubalowka.pl\/index.php\/wp-json\/wp\/v2\/pages\/1833\/'>1<\/a><\/li> <li><a href='https:\/\/domek-gubalowka.pl\/index.php\/wp-json\/wp\/v2\/pages\/1833\/page\/2\/'>2<\/a><\/li> <li><a href='https:\/\/domek-gubalowka.pl\/index.php\/wp-json\/wp\/v2\/pages\/1833\/page\/3\/'>3<\/a><\/li> <\/ul><\/div>[\/vc_column][\/vc_row]<\/p>\n<\/div>","protected":false},"excerpt":{"rendered":"<p>[vc_row tlg_large_container=&#8221;small-container&#8221;][vc_column][\/vc_column][\/vc_row]<\/p>\n","protected":false},"author":1,"featured_media":0,"parent":1808,"menu_order":0,"comment_status":"closed","ping_status":"closed","template":"","meta":{"footnotes":""},"class_list":["post-1833","page","type-page","status-publish","hentry"],"yoast_head":"<!-- This site is optimized with the Yoast SEO plugin v27.5 - https:\/\/yoast.com\/product\/yoast-seo-wordpress\/ -->\n<title>2 Columns Classic - DOMEK NA GUBA\u0141\u00d3WCE<\/title>\n<meta name=\"robots\" content=\"index, follow, max-snippet:-1, max-image-preview:large, max-video-preview:-1\" \/>\n<link rel=\"canonical\" href=\"https:\/\/domek-gubalowka.pl\/index.php\/blog\/grid-2-columns\/\" \/>\n<meta property=\"og:locale\" content=\"pl_PL\" \/>\n<meta property=\"og:type\" content=\"article\" \/>\n<meta property=\"og:title\" content=\"2 Columns Classic - DOMEK NA GUBA\u0141\u00d3WCE\" \/>\n<meta property=\"og:description\" content=\"[vc_row tlg_large_container=&#8221;small-container&#8221;][vc_column][\/vc_column][\/vc_row]\" \/>\n<meta property=\"og:url\" content=\"https:\/\/domek-gubalowka.pl\/index.php\/blog\/grid-2-columns\/\" \/>\n<meta property=\"og:site_name\" content=\"DOMEK NA GUBA\u0141\u00d3WCE\" \/>\n<meta property=\"article:publisher\" content=\"https:\/\/www.facebook.com\/DomeknaGubalowce\/\" \/>\n<meta name=\"twitter:card\" content=\"summary_large_image\" \/>\n<script type=\"application\/ld+json\" class=\"yoast-schema-graph\">{\"@context\":\"https:\\\/\\\/schema.org\",\"@graph\":[{\"@type\":\"WebPage\",\"@id\":\"https:\\\/\\\/domek-gubalowka.pl\\\/index.php\\\/blog\\\/grid-2-columns\\\/\",\"url\":\"https:\\\/\\\/domek-gubalowka.pl\\\/index.php\\\/blog\\\/grid-2-columns\\\/\",\"name\":\"2 Columns Classic - DOMEK NA GUBA\u0141\u00d3WCE\",\"isPartOf\":{\"@id\":\"https:\\\/\\\/domek-gubalowka.pl\\\/#website\"},\"datePublished\":\"2016-02-20T06:44:06+00:00\",\"breadcrumb\":{\"@id\":\"https:\\\/\\\/domek-gubalowka.pl\\\/index.php\\\/blog\\\/grid-2-columns\\\/#breadcrumb\"},\"inLanguage\":\"pl-PL\",\"potentialAction\":[{\"@type\":\"ReadAction\",\"target\":[\"https:\\\/\\\/domek-gubalowka.pl\\\/index.php\\\/blog\\\/grid-2-columns\\\/\"]}]},{\"@type\":\"BreadcrumbList\",\"@id\":\"https:\\\/\\\/domek-gubalowka.pl\\\/index.php\\\/blog\\\/grid-2-columns\\\/#breadcrumb\",\"itemListElement\":[{\"@type\":\"ListItem\",\"position\":1,\"name\":\"Strona g\u0142\u00f3wna\",\"item\":\"https:\\\/\\\/domek-gubalowka.pl\\\/\"},{\"@type\":\"ListItem\",\"position\":2,\"name\":\"Blog\",\"item\":\"https:\\\/\\\/domek-gubalowka.pl\\\/index.php\\\/blog\\\/\"},{\"@type\":\"ListItem\",\"position\":3,\"name\":\"2 Columns Classic\"}]},{\"@type\":\"WebSite\",\"@id\":\"https:\\\/\\\/domek-gubalowka.pl\\\/#website\",\"url\":\"https:\\\/\\\/domek-gubalowka.pl\\\/\",\"name\":\"DOMEK NA GUBA\u0141\u00d3WCE\",\"description\":\"Domek do wynaj\u0119cia. Najpi\u0119kniejszy widok w Polsce\",\"publisher\":{\"@id\":\"https:\\\/\\\/domek-gubalowka.pl\\\/#organization\"},\"potentialAction\":[{\"@type\":\"SearchAction\",\"target\":{\"@type\":\"EntryPoint\",\"urlTemplate\":\"https:\\\/\\\/domek-gubalowka.pl\\\/?s={search_term_string}\"},\"query-input\":{\"@type\":\"PropertyValueSpecification\",\"valueRequired\":true,\"valueName\":\"search_term_string\"}}],\"inLanguage\":\"pl-PL\"},{\"@type\":\"Organization\",\"@id\":\"https:\\\/\\\/domek-gubalowka.pl\\\/#organization\",\"name\":\"DOMEK NA GUBA\u0141\u00d3WCE\",\"url\":\"https:\\\/\\\/domek-gubalowka.pl\\\/\",\"logo\":{\"@type\":\"ImageObject\",\"inLanguage\":\"pl-PL\",\"@id\":\"https:\\\/\\\/domek-gubalowka.pl\\\/#\\\/schema\\\/logo\\\/image\\\/\",\"url\":\"https:\\\/\\\/domek-gubalowka.pl\\\/wp-content\\\/uploads\\\/2018\\\/06\\\/cropped-logoA.png\",\"contentUrl\":\"https:\\\/\\\/domek-gubalowka.pl\\\/wp-content\\\/uploads\\\/2018\\\/06\\\/cropped-logoA.png\",\"width\":512,\"height\":512,\"caption\":\"DOMEK NA GUBA\u0141\u00d3WCE\"},\"image\":{\"@id\":\"https:\\\/\\\/domek-gubalowka.pl\\\/#\\\/schema\\\/logo\\\/image\\\/\"},\"sameAs\":[\"https:\\\/\\\/www.facebook.com\\\/DomeknaGubalowce\\\/\"]}]}<\/script>\n<!-- \/ Yoast SEO plugin. -->","yoast_head_json":{"title":"2 Columns Classic - DOMEK NA GUBA\u0141\u00d3WCE","robots":{"index":"index","follow":"follow","max-snippet":"max-snippet:-1","max-image-preview":"max-image-preview:large","max-video-preview":"max-video-preview:-1"},"canonical":"https:\/\/domek-gubalowka.pl\/index.php\/blog\/grid-2-columns\/","og_locale":"pl_PL","og_type":"article","og_title":"2 Columns Classic - DOMEK NA GUBA\u0141\u00d3WCE","og_description":"[vc_row tlg_large_container=&#8221;small-container&#8221;][vc_column][\/vc_column][\/vc_row]","og_url":"https:\/\/domek-gubalowka.pl\/index.php\/blog\/grid-2-columns\/","og_site_name":"DOMEK NA GUBA\u0141\u00d3WCE","article_publisher":"https:\/\/www.facebook.com\/DomeknaGubalowce\/","twitter_card":"summary_large_image","schema":{"@context":"https:\/\/schema.org","@graph":[{"@type":"WebPage","@id":"https:\/\/domek-gubalowka.pl\/index.php\/blog\/grid-2-columns\/","url":"https:\/\/domek-gubalowka.pl\/index.php\/blog\/grid-2-columns\/","name":"2 Columns Classic - DOMEK NA GUBA\u0141\u00d3WCE","isPartOf":{"@id":"https:\/\/domek-gubalowka.pl\/#website"},"datePublished":"2016-02-20T06:44:06+00:00","breadcrumb":{"@id":"https:\/\/domek-gubalowka.pl\/index.php\/blog\/grid-2-columns\/#breadcrumb"},"inLanguage":"pl-PL","potentialAction":[{"@type":"ReadAction","target":["https:\/\/domek-gubalowka.pl\/index.php\/blog\/grid-2-columns\/"]}]},{"@type":"BreadcrumbList","@id":"https:\/\/domek-gubalowka.pl\/index.php\/blog\/grid-2-columns\/#breadcrumb","itemListElement":[{"@type":"ListItem","position":1,"name":"Strona g\u0142\u00f3wna","item":"https:\/\/domek-gubalowka.pl\/"},{"@type":"ListItem","position":2,"name":"Blog","item":"https:\/\/domek-gubalowka.pl\/index.php\/blog\/"},{"@type":"ListItem","position":3,"name":"2 Columns Classic"}]},{"@type":"WebSite","@id":"https:\/\/domek-gubalowka.pl\/#website","url":"https:\/\/domek-gubalowka.pl\/","name":"DOMEK NA GUBA\u0141\u00d3WCE","description":"Domek do wynaj\u0119cia. Najpi\u0119kniejszy widok w Polsce","publisher":{"@id":"https:\/\/domek-gubalowka.pl\/#organization"},"potentialAction":[{"@type":"SearchAction","target":{"@type":"EntryPoint","urlTemplate":"https:\/\/domek-gubalowka.pl\/?s={search_term_string}"},"query-input":{"@type":"PropertyValueSpecification","valueRequired":true,"valueName":"search_term_string"}}],"inLanguage":"pl-PL"},{"@type":"Organization","@id":"https:\/\/domek-gubalowka.pl\/#organization","name":"DOMEK NA GUBA\u0141\u00d3WCE","url":"https:\/\/domek-gubalowka.pl\/","logo":{"@type":"ImageObject","inLanguage":"pl-PL","@id":"https:\/\/domek-gubalowka.pl\/#\/schema\/logo\/image\/","url":"https:\/\/domek-gubalowka.pl\/wp-content\/uploads\/2018\/06\/cropped-logoA.png","contentUrl":"https:\/\/domek-gubalowka.pl\/wp-content\/uploads\/2018\/06\/cropped-logoA.png","width":512,"height":512,"caption":"DOMEK NA GUBA\u0141\u00d3WCE"},"image":{"@id":"https:\/\/domek-gubalowka.pl\/#\/schema\/logo\/image\/"},"sameAs":["https:\/\/www.facebook.com\/DomeknaGubalowce\/"]}]}},"_links":{"self":[{"href":"https:\/\/domek-gubalowka.pl\/index.php\/wp-json\/wp\/v2\/pages\/1833","targetHints":{"allow":["GET"]}}],"collection":[{"href":"https:\/\/domek-gubalowka.pl\/index.php\/wp-json\/wp\/v2\/pages"}],"about":[{"href":"https:\/\/domek-gubalowka.pl\/index.php\/wp-json\/wp\/v2\/types\/page"}],"author":[{"embeddable":true,"href":"https:\/\/domek-gubalowka.pl\/index.php\/wp-json\/wp\/v2\/users\/1"}],"replies":[{"embeddable":true,"href":"https:\/\/domek-gubalowka.pl\/index.php\/wp-json\/wp\/v2\/comments?post=1833"}],"version-history":[{"count":0,"href":"https:\/\/domek-gubalowka.pl\/index.php\/wp-json\/wp\/v2\/pages\/1833\/revisions"}],"up":[{"embeddable":true,"href":"https:\/\/domek-gubalowka.pl\/index.php\/wp-json\/wp\/v2\/pages\/1808"}],"wp:attachment":[{"href":"https:\/\/domek-gubalowka.pl\/index.php\/wp-json\/wp\/v2\/media?parent=1833"}],"curies":[{"name":"wp","href":"https:\/\/api.w.org\/{rel}","templated":true}]}}