{"id":135,"date":"2015-11-29T10:45:03","date_gmt":"2015-11-29T10:45:03","guid":{"rendered":"http:\/\/demo.themelogi.com\/navian\/?page_id=135"},"modified":"2015-11-29T10:45:03","modified_gmt":"2015-11-29T10:45:03","slug":"team-member","status":"publish","type":"page","link":"https:\/\/domek-gubalowka.pl\/index.php\/elements\/team-member\/","title":{"rendered":"Team Member"},"content":{"rendered":"<div class=\"wpb-content-wrapper\"><p>[vc_row tlg_background_style=&#8221;bg-secondary&#8221;][vc_column]<div class=\"headings-title \"><div class=\"mb70 mb-xs-40 text-center\"><h5  class=\"widgettitle\">Circle style<\/h5><div class=\"divider-wrap\"><div class=\"tlg-divider \" style=\"\"><\/div><\/div><\/div><\/div><div id=\"team-69f39e9893b0b\"><div class=\" row\"><div class=\"col-sm-4 text-center mb24 org-col team-member team-circle\">\r\n    <div class=\"image-box image-round outer-title image-circle-min\">\r\n            <\/div>\r\n    <div class=\"team-info\">\r\n        <div class=\"title\">\r\n            <h5 class=\"team-title\">\r\n            <a class=\"link-dark-title\" href=\"#\">Oscar Dorian<\/a>            <\/h5>\r\n            <span>Founder & ChIef Officer<\/span>        <\/div>\r\n        <div class=\"content\">I enjoy meeting new people and finding ways to help them have an uplifting experience. I have had a variety of customer service opportunities.<\/div>        \t<ul class=\"list-inline social-list social-icons display-block-sm reverse-social\">\n\t\t<li><a class=\"icon-tiflickralt\" href=\"#\" target=\"_blank\"><i class=\"icon ti-flickr-alt\"><\/i><\/a><\/li><li><a class=\"icon-tivimeoalt\" href=\"#\" target=\"_blank\"><i class=\"icon ti-vimeo-alt\"><\/i><\/a><\/li><li><a class=\"icon-tifacebook\" href=\"#\" target=\"_blank\"><i class=\"icon ti-facebook\"><\/i><\/a><\/li>\t<\/ul>\t\n    <\/div>\r\n<\/div><div class=\"col-sm-4 text-center mb24 org-col team-member team-circle\">\r\n    <div class=\"image-box image-round outer-title image-circle-min\">\r\n            <\/div>\r\n    <div class=\"team-info\">\r\n        <div class=\"title\">\r\n            <h5 class=\"team-title\">\r\n            <a class=\"link-dark-title\" href=\"#\">Alexander Byrd<\/a>            <\/h5>\r\n            <span>Creative Director<\/span>        <\/div>\r\n        <div class=\"content\">I'm currently looking for a job. I have 10 years of experience working with youth agencies. I have a bacheloris degree in outdoor education.<\/div>        \t<ul class=\"list-inline social-list social-icons display-block-sm reverse-social\">\n\t\t<li><a class=\"icon-tidribbble\" href=\"#\" target=\"_blank\"><i class=\"icon ti-dribbble\"><\/i><\/a><\/li><li><a class=\"icon-titwitteralt\" href=\"#\" target=\"_blank\"><i class=\"icon ti-twitter-alt\"><\/i><\/a><\/li><li><a class=\"icon-tifacebook\" href=\"#\" target=\"_blank\"><i class=\"icon ti-facebook\"><\/i><\/a><\/li>\t<\/ul>\t\n    <\/div>\r\n<\/div><div class=\"col-sm-4 text-center mb24 org-col team-member team-circle\">\r\n    <div class=\"image-box image-round outer-title image-circle-min\">\r\n            <\/div>\r\n    <div class=\"team-info\">\r\n        <div class=\"title\">\r\n            <h5 class=\"team-title\">\r\n            <a class=\"link-dark-title\" href=\"#\">Jaydon Lewis<\/a>            <\/h5>\r\n            <span>Strategy President<\/span>        <\/div>\r\n        <div class=\"content\">My experience includes successfully calling people in director-level experience positions of technology departments and consistently.<\/div>        \t<ul class=\"list-inline social-list social-icons display-block-sm reverse-social\">\n\t\t<li><a class=\"icon-titumblralt\" href=\"#\" target=\"_blank\"><i class=\"icon ti-tumblr-alt\"><\/i><\/a><\/li><li><a class=\"icon-titwitteralt\" href=\"#\" target=\"_blank\"><i class=\"icon ti-twitter-alt\"><\/i><\/a><\/li><li><a class=\"icon-tilinkedin\" href=\"#\" target=\"_blank\"><i class=\"icon ti-linkedin\"><\/i><\/a><\/li>\t<\/ul>\t\n    <\/div>\r\n<\/div><\/div><div class=\"row mt24\"><\/div><\/div>[\/vc_column][\/vc_row][vc_row][vc_column]<div class=\"headings-title \"><div class=\"mb70 mb-xs-40 text-center\"><h5  class=\"widgettitle\">Animate style<\/h5><div class=\"divider-wrap\"><div class=\"tlg-divider \" style=\"\"><\/div><\/div><\/div><\/div><p class=\"lead\">Sorry, but nothing matched your search. Please try again with some different keywords.<\/p>\n<form class=\"search-form\" method=\"get\" id=\"searchform\" action=\"https:\/\/domek-gubalowka.pl\/\">\n\t<input type=\"text\" id=\"s2\" class=\"mb0\" name=\"s\" value=\"\" placeholder=\"Search...\" autocomplete=\"off\" autocapitalize=\"off\" spellcheck=\"false\" \/>\n\t<input type=\"submit\" value=\"Search\" class=\"btn\">\n\t<span class=\"search__info\">Type and hit enter to search<\/span>\n<\/form>[\/vc_column][\/vc_row][vc_row tlg_background_style=&#8221;bg-secondary&#8221;][vc_column]<div class=\"headings-title \"><div class=\"mb70 mb-xs-40 text-center\"><h5  class=\"widgettitle\">Standard style<\/h5><div class=\"divider-wrap\"><div class=\"tlg-divider \" style=\"\"><\/div><\/div><\/div><\/div><p class=\"lead\">Sorry, but nothing matched your search. Please try again with some different keywords.<\/p>\n<form class=\"search-form\" method=\"get\" id=\"searchform\" action=\"https:\/\/domek-gubalowka.pl\/\">\n\t<input type=\"text\" id=\"s2\" class=\"mb0\" name=\"s\" value=\"\" placeholder=\"Search...\" autocomplete=\"off\" autocapitalize=\"off\" spellcheck=\"false\" \/>\n\t<input type=\"submit\" value=\"Search\" class=\"btn\">\n\t<span class=\"search__info\">Type and hit enter to search<\/span>\n<\/form>[\/vc_column][\/vc_row]<\/p>\n<\/div>","protected":false},"excerpt":{"rendered":"<p>[vc_row tlg_background_style=&#8221;bg-secondary&#8221;][vc_column][\/vc_column][\/vc_row][vc_row][vc_column][\/vc_column][\/vc_row][vc_row tlg_background_style=&#8221;bg-secondary&#8221;][vc_column][\/vc_column][\/vc_row]<\/p>\n","protected":false},"author":1,"featured_media":0,"parent":133,"menu_order":0,"comment_status":"closed","ping_status":"closed","template":"","meta":{"footnotes":""},"class_list":["post-135","page","type-page","status-publish","hentry"],"yoast_head":"<!-- This site is optimized with the Yoast SEO plugin v27.5 - https:\/\/yoast.com\/product\/yoast-seo-wordpress\/ -->\n<title>Team Member - DOMEK NA GUBA\u0141\u00d3WCE<\/title>\n<meta name=\"robots\" content=\"index, follow, max-snippet:-1, max-image-preview:large, max-video-preview:-1\" \/>\n<link rel=\"canonical\" href=\"https:\/\/domek-gubalowka.pl\/index.php\/elements\/team-member\/\" \/>\n<meta property=\"og:locale\" content=\"pl_PL\" \/>\n<meta property=\"og:type\" content=\"article\" \/>\n<meta property=\"og:title\" content=\"Team Member - DOMEK NA GUBA\u0141\u00d3WCE\" \/>\n<meta property=\"og:description\" content=\"[vc_row tlg_background_style=&#8221;bg-secondary&#8221;][vc_column][\/vc_column][\/vc_row][vc_row][vc_column][\/vc_column][\/vc_row][vc_row tlg_background_style=&#8221;bg-secondary&#8221;][vc_column][\/vc_column][\/vc_row]\" \/>\n<meta property=\"og:url\" content=\"https:\/\/domek-gubalowka.pl\/index.php\/elements\/team-member\/\" \/>\n<meta property=\"og:site_name\" content=\"DOMEK NA GUBA\u0141\u00d3WCE\" \/>\n<meta property=\"article:publisher\" content=\"https:\/\/www.facebook.com\/DomeknaGubalowce\/\" \/>\n<meta name=\"twitter:card\" content=\"summary_large_image\" \/>\n<script type=\"application\/ld+json\" class=\"yoast-schema-graph\">{\"@context\":\"https:\\\/\\\/schema.org\",\"@graph\":[{\"@type\":\"WebPage\",\"@id\":\"https:\\\/\\\/domek-gubalowka.pl\\\/index.php\\\/elements\\\/team-member\\\/\",\"url\":\"https:\\\/\\\/domek-gubalowka.pl\\\/index.php\\\/elements\\\/team-member\\\/\",\"name\":\"Team Member - DOMEK NA GUBA\u0141\u00d3WCE\",\"isPartOf\":{\"@id\":\"https:\\\/\\\/domek-gubalowka.pl\\\/#website\"},\"datePublished\":\"2015-11-29T10:45:03+00:00\",\"breadcrumb\":{\"@id\":\"https:\\\/\\\/domek-gubalowka.pl\\\/index.php\\\/elements\\\/team-member\\\/#breadcrumb\"},\"inLanguage\":\"pl-PL\",\"potentialAction\":[{\"@type\":\"ReadAction\",\"target\":[\"https:\\\/\\\/domek-gubalowka.pl\\\/index.php\\\/elements\\\/team-member\\\/\"]}]},{\"@type\":\"BreadcrumbList\",\"@id\":\"https:\\\/\\\/domek-gubalowka.pl\\\/index.php\\\/elements\\\/team-member\\\/#breadcrumb\",\"itemListElement\":[{\"@type\":\"ListItem\",\"position\":1,\"name\":\"Strona g\u0142\u00f3wna\",\"item\":\"https:\\\/\\\/domek-gubalowka.pl\\\/\"},{\"@type\":\"ListItem\",\"position\":2,\"name\":\"Elements\",\"item\":\"https:\\\/\\\/domek-gubalowka.pl\\\/index.php\\\/elements\\\/\"},{\"@type\":\"ListItem\",\"position\":3,\"name\":\"Team Member\"}]},{\"@type\":\"WebSite\",\"@id\":\"https:\\\/\\\/domek-gubalowka.pl\\\/#website\",\"url\":\"https:\\\/\\\/domek-gubalowka.pl\\\/\",\"name\":\"DOMEK NA GUBA\u0141\u00d3WCE\",\"description\":\"Domek do wynaj\u0119cia. Najpi\u0119kniejszy widok w Polsce\",\"publisher\":{\"@id\":\"https:\\\/\\\/domek-gubalowka.pl\\\/#organization\"},\"potentialAction\":[{\"@type\":\"SearchAction\",\"target\":{\"@type\":\"EntryPoint\",\"urlTemplate\":\"https:\\\/\\\/domek-gubalowka.pl\\\/?s={search_term_string}\"},\"query-input\":{\"@type\":\"PropertyValueSpecification\",\"valueRequired\":true,\"valueName\":\"search_term_string\"}}],\"inLanguage\":\"pl-PL\"},{\"@type\":\"Organization\",\"@id\":\"https:\\\/\\\/domek-gubalowka.pl\\\/#organization\",\"name\":\"DOMEK NA GUBA\u0141\u00d3WCE\",\"url\":\"https:\\\/\\\/domek-gubalowka.pl\\\/\",\"logo\":{\"@type\":\"ImageObject\",\"inLanguage\":\"pl-PL\",\"@id\":\"https:\\\/\\\/domek-gubalowka.pl\\\/#\\\/schema\\\/logo\\\/image\\\/\",\"url\":\"https:\\\/\\\/domek-gubalowka.pl\\\/wp-content\\\/uploads\\\/2018\\\/06\\\/cropped-logoA.png\",\"contentUrl\":\"https:\\\/\\\/domek-gubalowka.pl\\\/wp-content\\\/uploads\\\/2018\\\/06\\\/cropped-logoA.png\",\"width\":512,\"height\":512,\"caption\":\"DOMEK NA GUBA\u0141\u00d3WCE\"},\"image\":{\"@id\":\"https:\\\/\\\/domek-gubalowka.pl\\\/#\\\/schema\\\/logo\\\/image\\\/\"},\"sameAs\":[\"https:\\\/\\\/www.facebook.com\\\/DomeknaGubalowce\\\/\"]}]}<\/script>\n<!-- \/ Yoast SEO plugin. -->","yoast_head_json":{"title":"Team Member - DOMEK NA GUBA\u0141\u00d3WCE","robots":{"index":"index","follow":"follow","max-snippet":"max-snippet:-1","max-image-preview":"max-image-preview:large","max-video-preview":"max-video-preview:-1"},"canonical":"https:\/\/domek-gubalowka.pl\/index.php\/elements\/team-member\/","og_locale":"pl_PL","og_type":"article","og_title":"Team Member - DOMEK NA GUBA\u0141\u00d3WCE","og_description":"[vc_row tlg_background_style=&#8221;bg-secondary&#8221;][vc_column][\/vc_column][\/vc_row][vc_row][vc_column][\/vc_column][\/vc_row][vc_row tlg_background_style=&#8221;bg-secondary&#8221;][vc_column][\/vc_column][\/vc_row]","og_url":"https:\/\/domek-gubalowka.pl\/index.php\/elements\/team-member\/","og_site_name":"DOMEK NA GUBA\u0141\u00d3WCE","article_publisher":"https:\/\/www.facebook.com\/DomeknaGubalowce\/","twitter_card":"summary_large_image","schema":{"@context":"https:\/\/schema.org","@graph":[{"@type":"WebPage","@id":"https:\/\/domek-gubalowka.pl\/index.php\/elements\/team-member\/","url":"https:\/\/domek-gubalowka.pl\/index.php\/elements\/team-member\/","name":"Team Member - DOMEK NA GUBA\u0141\u00d3WCE","isPartOf":{"@id":"https:\/\/domek-gubalowka.pl\/#website"},"datePublished":"2015-11-29T10:45:03+00:00","breadcrumb":{"@id":"https:\/\/domek-gubalowka.pl\/index.php\/elements\/team-member\/#breadcrumb"},"inLanguage":"pl-PL","potentialAction":[{"@type":"ReadAction","target":["https:\/\/domek-gubalowka.pl\/index.php\/elements\/team-member\/"]}]},{"@type":"BreadcrumbList","@id":"https:\/\/domek-gubalowka.pl\/index.php\/elements\/team-member\/#breadcrumb","itemListElement":[{"@type":"ListItem","position":1,"name":"Strona g\u0142\u00f3wna","item":"https:\/\/domek-gubalowka.pl\/"},{"@type":"ListItem","position":2,"name":"Elements","item":"https:\/\/domek-gubalowka.pl\/index.php\/elements\/"},{"@type":"ListItem","position":3,"name":"Team Member"}]},{"@type":"WebSite","@id":"https:\/\/domek-gubalowka.pl\/#website","url":"https:\/\/domek-gubalowka.pl\/","name":"DOMEK NA GUBA\u0141\u00d3WCE","description":"Domek do wynaj\u0119cia. Najpi\u0119kniejszy widok w Polsce","publisher":{"@id":"https:\/\/domek-gubalowka.pl\/#organization"},"potentialAction":[{"@type":"SearchAction","target":{"@type":"EntryPoint","urlTemplate":"https:\/\/domek-gubalowka.pl\/?s={search_term_string}"},"query-input":{"@type":"PropertyValueSpecification","valueRequired":true,"valueName":"search_term_string"}}],"inLanguage":"pl-PL"},{"@type":"Organization","@id":"https:\/\/domek-gubalowka.pl\/#organization","name":"DOMEK NA GUBA\u0141\u00d3WCE","url":"https:\/\/domek-gubalowka.pl\/","logo":{"@type":"ImageObject","inLanguage":"pl-PL","@id":"https:\/\/domek-gubalowka.pl\/#\/schema\/logo\/image\/","url":"https:\/\/domek-gubalowka.pl\/wp-content\/uploads\/2018\/06\/cropped-logoA.png","contentUrl":"https:\/\/domek-gubalowka.pl\/wp-content\/uploads\/2018\/06\/cropped-logoA.png","width":512,"height":512,"caption":"DOMEK NA GUBA\u0141\u00d3WCE"},"image":{"@id":"https:\/\/domek-gubalowka.pl\/#\/schema\/logo\/image\/"},"sameAs":["https:\/\/www.facebook.com\/DomeknaGubalowce\/"]}]}},"_links":{"self":[{"href":"https:\/\/domek-gubalowka.pl\/index.php\/wp-json\/wp\/v2\/pages\/135","targetHints":{"allow":["GET"]}}],"collection":[{"href":"https:\/\/domek-gubalowka.pl\/index.php\/wp-json\/wp\/v2\/pages"}],"about":[{"href":"https:\/\/domek-gubalowka.pl\/index.php\/wp-json\/wp\/v2\/types\/page"}],"author":[{"embeddable":true,"href":"https:\/\/domek-gubalowka.pl\/index.php\/wp-json\/wp\/v2\/users\/1"}],"replies":[{"embeddable":true,"href":"https:\/\/domek-gubalowka.pl\/index.php\/wp-json\/wp\/v2\/comments?post=135"}],"version-history":[{"count":0,"href":"https:\/\/domek-gubalowka.pl\/index.php\/wp-json\/wp\/v2\/pages\/135\/revisions"}],"up":[{"embeddable":true,"href":"https:\/\/domek-gubalowka.pl\/index.php\/wp-json\/wp\/v2\/pages\/133"}],"wp:attachment":[{"href":"https:\/\/domek-gubalowka.pl\/index.php\/wp-json\/wp\/v2\/media?parent=135"}],"curies":[{"name":"wp","href":"https:\/\/api.w.org\/{rel}","templated":true}]}}